{"id":212,"date":"2016-07-06T17:31:38","date_gmt":"2016-07-06T15:31:38","guid":{"rendered":"http:\/\/www.coopaibc.it\/?page_id=212"},"modified":"2021-08-06T13:02:03","modified_gmt":"2021-08-06T11:02:03","slug":"chi-siamo","status":"publish","type":"page","link":"https:\/\/www.aibi.it\/coopaibc\/chi-siamo\/","title":{"rendered":"Chi siamo"},"content":{"rendered":"<p>[vc_row][vc_column][vc_column_text]<strong>AIBC<\/strong> \u00e8 una <strong>societ\u00e0 cooperativa sociale<\/strong> e nasce in continuit\u00e0 ideale con l\u2019esperienza dell\u2019associazione <strong><a href=\"https:\/\/www.aibi.it\/ita\">Ai.Bi. Associazione Amici dei Bambini<\/a><\/strong>. La gestione di servizi e di unit\u00e0 di offerta rivolti a minori e nuclei mono-genitoriali, consolida la volont\u00e0 di alcuni collaboratori, soci e famiglie di implementare ulteriormente l\u2019attivit\u00e0 dandosi la forma specifica della cooperativa sociale.[\/vc_column_text][\/vc_column][\/vc_row][vc_row][vc_column width=&#8221;1\/2&#8243;][vc_column_text]<\/p>\n<h2>Gli obiettivi<\/h2>\n<p>La cooperativa si propone, con spirito mutualistico e senza fini speculativi, lo scopo di perseguire l&#8217;interesse generale della comunit\u00e0 alla promozione umana e all&#8217;integrazione sociale dei cittadini, attraverso la gestione di servizi socio-sanitari ed educativi e delle attivit\u00e0 di cui all&#8217;articolo, il tutto con l&#8217;obiettivo di conseguire finalit\u00e0 di solidariet\u00e0 sociale<\/p>\n<p>Si propone, in particolare, di promuovere e attuare con ogni mezzo, ispirandosi ai principi e valori cristiani, di soddisfare il bisogno, proprio di ogni essere umano, di accoglienza e quindi di solide relazioni familiari e di comunit\u00e0, che, sole, possono permettere il benessere e la crescita delle persone sia individuale che comunitaria.[\/vc_column_text][\/vc_column][vc_column width=&#8221;1\/2&#8243; css=&#8221;.vc_custom_1536741406439{background-color: #eaeaea !important;}&#8221;][vc_column_text]<\/p>\n<h2>Attivit\u00e0<\/h2>\n<p>L\u2019attivit\u00e0 della cooperativa si declina in diverse aree di sviluppo in tema di relazioni familiari:<\/p>\n<ul>\n<li>Preservare e rafforzare le relazioni familiari e di comunit\u00e0 esistenti<\/li>\n<li>Curare le relazioni familiari e di comunit\u00e0 ferite<\/li>\n<li>Costruire nuove relazioni familiari e di comunit\u00e0, ove esse siano assenti o siano venute a mancare<\/li>\n<li>Fare conoscere l\u2019insostituibilit\u00e0 delle relazioni familiari e di comunit\u00e0 e diffondere gli strumenti e i comportamenti atti a favorirle<\/li>\n<\/ul>\n<p>[\/vc_column_text][\/vc_column][\/vc_row]<\/p>\n","protected":false},"excerpt":{"rendered":"<p>La cooperativa si propone, con spirito mutualistico e senza fini speculativi, lo scopo di perseguire l&#8217;interesse generale della comunit\u00e0 alla promozione umana e all&#8217;integrazione sociale dei cittadini, attraverso la gestione di servizi socio-sanitari ed educativi. Ed in particolare di promuovere con ogni mezzo, ispirandosi ai principi cristiani, l\u2019educazione globale dei minori a rischio, di prevenire il disadattamento e la devianza e di sensibilizzare persone e strutture ai bisogni psico-sociali dei minori privi di idonee cure familiari.<\/p>\n","protected":false},"author":1,"featured_media":359,"parent":0,"menu_order":0,"comment_status":"closed","ping_status":"closed","template":"page-templates\/full-width.php","meta":{"footnotes":""},"class_list":["post-212","page","type-page","status-publish","has-post-thumbnail"],"yoast_head":"<!-- This site is optimized with the Yoast SEO plugin v26.1.1 - https:\/\/yoast.com\/wordpress\/plugins\/seo\/ -->\n<title>Chi siamo - AIBC<\/title>\n<meta name=\"description\" content=\"Societ\u00e0 trasparente\" \/>\n<meta name=\"robots\" content=\"index, follow, max-snippet:-1, max-image-preview:large, max-video-preview:-1\" \/>\n<link rel=\"canonical\" href=\"https:\/\/www.aibi.it\/coopaibc\/chi-siamo\/\" \/>\n<meta property=\"og:locale\" content=\"it_IT\" \/>\n<meta property=\"og:type\" content=\"article\" \/>\n<meta property=\"og:title\" content=\"Chi siamo - AIBC\" \/>\n<meta property=\"og:description\" content=\"Societ\u00e0 trasparente\" \/>\n<meta property=\"og:url\" content=\"https:\/\/www.aibi.it\/coopaibc\/chi-siamo\/\" \/>\n<meta property=\"og:site_name\" content=\"AIBC\" \/>\n<meta property=\"article:modified_time\" content=\"2021-08-06T11:02:03+00:00\" \/>\n<meta property=\"og:image\" content=\"https:\/\/www.aibi.it\/coopaibc\/wp-content\/uploads\/2016\/07\/house3.jpg\" \/>\n\t<meta property=\"og:image:width\" content=\"1600\" \/>\n\t<meta property=\"og:image:height\" content=\"960\" \/>\n\t<meta property=\"og:image:type\" content=\"image\/jpeg\" \/>\n<meta name=\"twitter:card\" content=\"summary_large_image\" \/>\n<meta name=\"twitter:label1\" content=\"Tempo di lettura stimato\" \/>\n\t<meta name=\"twitter:data1\" content=\"2 minuti\" \/>\n<script type=\"application\/ld+json\" class=\"yoast-schema-graph\">{\"@context\":\"https:\/\/schema.org\",\"@graph\":[{\"@type\":\"WebPage\",\"@id\":\"https:\/\/www.aibi.it\/coopaibc\/chi-siamo\/\",\"url\":\"https:\/\/www.aibi.it\/coopaibc\/chi-siamo\/\",\"name\":\"Chi siamo - AIBC\",\"isPartOf\":{\"@id\":\"https:\/\/www.aibi.it\/coopaibc\/#website\"},\"primaryImageOfPage\":{\"@id\":\"https:\/\/www.aibi.it\/coopaibc\/chi-siamo\/#primaryimage\"},\"image\":{\"@id\":\"https:\/\/www.aibi.it\/coopaibc\/chi-siamo\/#primaryimage\"},\"thumbnailUrl\":\"https:\/\/www.aibi.it\/coopaibc\/wp-content\/uploads\/2016\/07\/house3.jpg\",\"datePublished\":\"2016-07-06T15:31:38+00:00\",\"dateModified\":\"2021-08-06T11:02:03+00:00\",\"description\":\"Societ\u00e0 trasparente\",\"breadcrumb\":{\"@id\":\"https:\/\/www.aibi.it\/coopaibc\/chi-siamo\/#breadcrumb\"},\"inLanguage\":\"it-IT\",\"potentialAction\":[{\"@type\":\"ReadAction\",\"target\":[\"https:\/\/www.aibi.it\/coopaibc\/chi-siamo\/\"]}]},{\"@type\":\"ImageObject\",\"inLanguage\":\"it-IT\",\"@id\":\"https:\/\/www.aibi.it\/coopaibc\/chi-siamo\/#primaryimage\",\"url\":\"https:\/\/www.aibi.it\/coopaibc\/wp-content\/uploads\/2016\/07\/house3.jpg\",\"contentUrl\":\"https:\/\/www.aibi.it\/coopaibc\/wp-content\/uploads\/2016\/07\/house3.jpg\",\"width\":1600,\"height\":960},{\"@type\":\"BreadcrumbList\",\"@id\":\"https:\/\/www.aibi.it\/coopaibc\/chi-siamo\/#breadcrumb\",\"itemListElement\":[{\"@type\":\"ListItem\",\"position\":1,\"name\":\"Home\",\"item\":\"https:\/\/www.aibi.it\/coopaibc\/\"},{\"@type\":\"ListItem\",\"position\":2,\"name\":\"Chi siamo\"}]},{\"@type\":\"WebSite\",\"@id\":\"https:\/\/www.aibi.it\/coopaibc\/#website\",\"url\":\"https:\/\/www.aibi.it\/coopaibc\/\",\"name\":\"AIBC\",\"description\":\"Cooperativa Sociale\",\"publisher\":{\"@id\":\"https:\/\/www.aibi.it\/coopaibc\/#organization\"},\"potentialAction\":[{\"@type\":\"SearchAction\",\"target\":{\"@type\":\"EntryPoint\",\"urlTemplate\":\"https:\/\/www.aibi.it\/coopaibc\/?s={search_term_string}\"},\"query-input\":{\"@type\":\"PropertyValueSpecification\",\"valueRequired\":true,\"valueName\":\"search_term_string\"}}],\"inLanguage\":\"it-IT\"},{\"@type\":\"Organization\",\"@id\":\"https:\/\/www.aibi.it\/coopaibc\/#organization\",\"name\":\"AIBC\",\"url\":\"https:\/\/www.aibi.it\/coopaibc\/\",\"logo\":{\"@type\":\"ImageObject\",\"inLanguage\":\"it-IT\",\"@id\":\"https:\/\/www.aibi.it\/coopaibc\/#\/schema\/logo\/image\/\",\"url\":\"https:\/\/www.aibi.it\/coopaibc\/wp-content\/uploads\/2016\/11\/cropped-logo-aibc-arancio-neg-150-1.png\",\"contentUrl\":\"https:\/\/www.aibi.it\/coopaibc\/wp-content\/uploads\/2016\/11\/cropped-logo-aibc-arancio-neg-150-1.png\",\"width\":150,\"height\":88,\"caption\":\"AIBC\"},\"image\":{\"@id\":\"https:\/\/www.aibi.it\/coopaibc\/#\/schema\/logo\/image\/\"}}]}<\/script>\n<!-- \/ Yoast SEO plugin. -->","yoast_head_json":{"title":"Chi siamo - AIBC","description":"Societ\u00e0 trasparente","robots":{"index":"index","follow":"follow","max-snippet":"max-snippet:-1","max-image-preview":"max-image-preview:large","max-video-preview":"max-video-preview:-1"},"canonical":"https:\/\/www.aibi.it\/coopaibc\/chi-siamo\/","og_locale":"it_IT","og_type":"article","og_title":"Chi siamo - AIBC","og_description":"Societ\u00e0 trasparente","og_url":"https:\/\/www.aibi.it\/coopaibc\/chi-siamo\/","og_site_name":"AIBC","article_modified_time":"2021-08-06T11:02:03+00:00","og_image":[{"width":1600,"height":960,"url":"https:\/\/www.aibi.it\/coopaibc\/wp-content\/uploads\/2016\/07\/house3.jpg","type":"image\/jpeg"}],"twitter_card":"summary_large_image","twitter_misc":{"Tempo di lettura stimato":"2 minuti"},"schema":{"@context":"https:\/\/schema.org","@graph":[{"@type":"WebPage","@id":"https:\/\/www.aibi.it\/coopaibc\/chi-siamo\/","url":"https:\/\/www.aibi.it\/coopaibc\/chi-siamo\/","name":"Chi siamo - AIBC","isPartOf":{"@id":"https:\/\/www.aibi.it\/coopaibc\/#website"},"primaryImageOfPage":{"@id":"https:\/\/www.aibi.it\/coopaibc\/chi-siamo\/#primaryimage"},"image":{"@id":"https:\/\/www.aibi.it\/coopaibc\/chi-siamo\/#primaryimage"},"thumbnailUrl":"https:\/\/www.aibi.it\/coopaibc\/wp-content\/uploads\/2016\/07\/house3.jpg","datePublished":"2016-07-06T15:31:38+00:00","dateModified":"2021-08-06T11:02:03+00:00","description":"Societ\u00e0 trasparente","breadcrumb":{"@id":"https:\/\/www.aibi.it\/coopaibc\/chi-siamo\/#breadcrumb"},"inLanguage":"it-IT","potentialAction":[{"@type":"ReadAction","target":["https:\/\/www.aibi.it\/coopaibc\/chi-siamo\/"]}]},{"@type":"ImageObject","inLanguage":"it-IT","@id":"https:\/\/www.aibi.it\/coopaibc\/chi-siamo\/#primaryimage","url":"https:\/\/www.aibi.it\/coopaibc\/wp-content\/uploads\/2016\/07\/house3.jpg","contentUrl":"https:\/\/www.aibi.it\/coopaibc\/wp-content\/uploads\/2016\/07\/house3.jpg","width":1600,"height":960},{"@type":"BreadcrumbList","@id":"https:\/\/www.aibi.it\/coopaibc\/chi-siamo\/#breadcrumb","itemListElement":[{"@type":"ListItem","position":1,"name":"Home","item":"https:\/\/www.aibi.it\/coopaibc\/"},{"@type":"ListItem","position":2,"name":"Chi siamo"}]},{"@type":"WebSite","@id":"https:\/\/www.aibi.it\/coopaibc\/#website","url":"https:\/\/www.aibi.it\/coopaibc\/","name":"AIBC","description":"Cooperativa Sociale","publisher":{"@id":"https:\/\/www.aibi.it\/coopaibc\/#organization"},"potentialAction":[{"@type":"SearchAction","target":{"@type":"EntryPoint","urlTemplate":"https:\/\/www.aibi.it\/coopaibc\/?s={search_term_string}"},"query-input":{"@type":"PropertyValueSpecification","valueRequired":true,"valueName":"search_term_string"}}],"inLanguage":"it-IT"},{"@type":"Organization","@id":"https:\/\/www.aibi.it\/coopaibc\/#organization","name":"AIBC","url":"https:\/\/www.aibi.it\/coopaibc\/","logo":{"@type":"ImageObject","inLanguage":"it-IT","@id":"https:\/\/www.aibi.it\/coopaibc\/#\/schema\/logo\/image\/","url":"https:\/\/www.aibi.it\/coopaibc\/wp-content\/uploads\/2016\/11\/cropped-logo-aibc-arancio-neg-150-1.png","contentUrl":"https:\/\/www.aibi.it\/coopaibc\/wp-content\/uploads\/2016\/11\/cropped-logo-aibc-arancio-neg-150-1.png","width":150,"height":88,"caption":"AIBC"},"image":{"@id":"https:\/\/www.aibi.it\/coopaibc\/#\/schema\/logo\/image\/"}}]}},"_links":{"self":[{"href":"https:\/\/www.aibi.it\/coopaibc\/wp-json\/wp\/v2\/pages\/212","targetHints":{"allow":["GET"]}}],"collection":[{"href":"https:\/\/www.aibi.it\/coopaibc\/wp-json\/wp\/v2\/pages"}],"about":[{"href":"https:\/\/www.aibi.it\/coopaibc\/wp-json\/wp\/v2\/types\/page"}],"author":[{"embeddable":true,"href":"https:\/\/www.aibi.it\/coopaibc\/wp-json\/wp\/v2\/users\/1"}],"replies":[{"embeddable":true,"href":"https:\/\/www.aibi.it\/coopaibc\/wp-json\/wp\/v2\/comments?post=212"}],"version-history":[{"count":5,"href":"https:\/\/www.aibi.it\/coopaibc\/wp-json\/wp\/v2\/pages\/212\/revisions"}],"predecessor-version":[{"id":2819,"href":"https:\/\/www.aibi.it\/coopaibc\/wp-json\/wp\/v2\/pages\/212\/revisions\/2819"}],"wp:featuredmedia":[{"embeddable":true,"href":"https:\/\/www.aibi.it\/coopaibc\/wp-json\/wp\/v2\/media\/359"}],"wp:attachment":[{"href":"https:\/\/www.aibi.it\/coopaibc\/wp-json\/wp\/v2\/media?parent=212"}],"curies":[{"name":"wp","href":"https:\/\/api.w.org\/{rel}","templated":true}]}}