{"id":411,"date":"2016-12-12T17:08:16","date_gmt":"2016-12-12T16:08:16","guid":{"rendered":"http:\/\/www.coopaibc.it\/?page_id=411"},"modified":"2016-12-12T17:08:16","modified_gmt":"2016-12-12T16:08:16","slug":"informativa-sui-cookies","status":"publish","type":"page","link":"https:\/\/www.aibi.it\/coopaibc\/informativa-sui-cookies\/","title":{"rendered":"Informativa sui Cookies"},"content":{"rendered":"<p><strong>COSA SONO I COOKIES?<\/strong><br \/>\nI cookies sono una sorta di \u201cpromemoria\u201d, brevi \u201crighe di testo\u201d contenenti informazioni che possono essere salvate sul computer di un utente quando il browser (es. Chrome, FireFox o InternetExplorer) richiama un determinato sito web. Grazie ai cookies il server invia informazioni che verranno rilette e aggiornate ogni volta che l\u2019utente torner\u00e0 sul quel sito. In questo modo il sito web potr\u00e0 adattarsi automaticamente all\u2019utente migliorandone l\u2019esperienza di navigazione.<\/p>\n<p><strong>A COSA SERVONO I COOKIES?<\/strong><br \/>\nI cookies sono principalmente utilizzati per:<br \/>\n\u2022 Migliorare l\u2019esperienza di navigazione dell\u2019utente all\u2019interno del sito.<br \/>\n\u2022 Fornire al gestore del sito informazioni sulla navigazione degli utenti anche per ottenere dati statistici sull\u2019uso del sito e migliorarne la navigazione.<br \/>\n\u2022 Veicolare messaggi pubblicitari.<\/p>\n<h3>QUALI COOKIES usa\u00a0AIBC\u00a0sul sito internet www.coopaibc.it<\/h3>\n<p>_utma<br \/>\n_utmb<br \/>\n_utmc<br \/>\n_utmt<br \/>\n_utmz<br \/>\n_unam<br \/>\n_ga<\/p>\n<p>Si tratta di:<br \/>\n<strong>COOKIES STRETTAMENTE NECESSARI<\/strong><br \/>\nDetti anche cookies \u201ctecnici\u201d, sono fondamentali per navigare all\u2019interno del sito utilizzando tutte le sue funzionalit\u00e0, come ad esempio l\u2019accesso alle aree riservate. Questi cookies non raccolgono informazioni da utilizzare per fini commerciali. Non \u00e8 prevista la disattivazione di questi cookies.<\/p>\n<p><strong>COOKIES DI PRESTAZIONE<\/strong><br \/>\nDetti anche cookies \u201cstatistici\u201d, raccolgono e analizzano le informazioni sull\u2019uso del sito da parte dei visitatori (pagine visitate, numero di accessi, tempo di permanenza nel sito, ecc.) per fornire all\u2019utente una migliore esperienza di navigazione. Questi cookies non raccolgono informazioni che possano identificare l\u2019utente. Rientrano in questa categoria i cookies impostati dalle seguenti soluzioni tecnologiche: <strong>Google Analytics*<\/strong><\/p>\n<p><strong>*Google Analytics<\/strong><br \/>\nQuesto sito web utilizza Google Analytics, un servizio di analisi web fornito da Google Inc., che utilizza dei \u201ccookies\u201d consistenti in file di testo che si depositano sul Vostro computer per consentire al sito web di analizzare la modalit\u00e0 di utilizzo del sito. Le informazioni generate dal cookie sull\u2019utilizzo del sito web (compreso il Vostro indirizzo IP anonimo) verranno trasmesse e depositate presso i server di Google negli Stati Uniti. Google utilizzer\u00e0 queste informazioni allo scopo di esaminare il Vostro utilizzo del sito web, compilare report sulle attivit\u00e0 del sito per gli operatori dello stesso e fornire altri servizi relativi alle attivit\u00e0 del sito web e all\u2019utilizzo di internet. Google pu\u00f2 anche trasferire queste informazioni a terzi ove ci\u00f2 sia imposto dalla legge o laddove tali terzi trattino le suddette informazioni per conto di Google. Google non assocer\u00e0 il vostro indirizzo IP a nessun altro dato posseduto da Google.<br \/>\nUtilizzando il presente sito web, voi acconsentite al trattamento dei Vostri dati da parte di Google per i fini sopraindicati (<a href=\"https:\/\/www.google.it\/intl\/it\/policies\/privacy\/?fg=1\" target=\"_blank\" rel=\"noopener noreferrer\">https:\/\/www.google.it\/intl\/it\/policies\/privacy\/?fg=1<\/a>)<br \/>\nPotete rifiutarvi di usare i cookies selezionando l\u2019impostazione appropriata sul vostro browser, ma cos\u00ec facendo non si \u00e8 pi\u00f9 in grado di utilizzare tutte le funzionalit\u00e0 di questo sito web.<\/p>\n<p>Per impedire a Google il rilevamento di un cookie va scaricato e installato questo plugin per il browser: <a href=\"http:\/\/tools.google.com\/dlpage\/gaoptout?hl=it\" target=\"_blank\" rel=\"noopener noreferrer\">http:\/\/tools.google.com\/dlpage\/gaoptout?hl=it<\/a><\/p>\n","protected":false},"excerpt":{"rendered":"<p>COSA SONO I COOKIES? I cookies sono una sorta di &ldquo;promemoria&rdquo;, brevi &ldquo;righe di testo&rdquo; contenenti informazioni che possono essere salvate sul computer di un utente quando il browser (es. Chrome, FireFox o InternetExplorer) richiama un determinato sito web. Grazie ai cookies il server invia informazioni che verranno rilette e [&hellip;]<\/p>\n","protected":false},"author":1,"featured_media":0,"parent":0,"menu_order":0,"comment_status":"closed","ping_status":"closed","template":"page-templates\/full-width.php","meta":{"footnotes":""},"class_list":["post-411","page","type-page","status-publish"],"yoast_head":"<!-- This site is optimized with the Yoast SEO plugin v26.1.1 - https:\/\/yoast.com\/wordpress\/plugins\/seo\/ -->\n<title>Informativa sui Cookies - AIBC<\/title>\n<meta name=\"robots\" content=\"index, follow, max-snippet:-1, max-image-preview:large, max-video-preview:-1\" \/>\n<link rel=\"canonical\" href=\"https:\/\/www.aibi.it\/coopaibc\/informativa-sui-cookies\/\" \/>\n<meta property=\"og:locale\" content=\"it_IT\" \/>\n<meta property=\"og:type\" content=\"article\" \/>\n<meta property=\"og:title\" content=\"Informativa sui Cookies - AIBC\" \/>\n<meta property=\"og:description\" content=\"COSA SONO I COOKIES? I cookies sono una sorta di &ldquo;promemoria&rdquo;, brevi &ldquo;righe di testo&rdquo; contenenti informazioni che possono essere salvate sul computer di un utente quando il browser (es. Chrome, FireFox o InternetExplorer) richiama un determinato sito web. Grazie ai cookies il server invia informazioni che verranno rilette e [&hellip;]\" \/>\n<meta property=\"og:url\" content=\"https:\/\/www.aibi.it\/coopaibc\/informativa-sui-cookies\/\" \/>\n<meta property=\"og:site_name\" content=\"AIBC\" \/>\n<meta name=\"twitter:card\" content=\"summary_large_image\" \/>\n<meta name=\"twitter:label1\" content=\"Tempo di lettura stimato\" \/>\n\t<meta name=\"twitter:data1\" content=\"2 minuti\" \/>\n<script type=\"application\/ld+json\" class=\"yoast-schema-graph\">{\"@context\":\"https:\/\/schema.org\",\"@graph\":[{\"@type\":\"WebPage\",\"@id\":\"https:\/\/www.aibi.it\/coopaibc\/informativa-sui-cookies\/\",\"url\":\"https:\/\/www.aibi.it\/coopaibc\/informativa-sui-cookies\/\",\"name\":\"Informativa sui Cookies - AIBC\",\"isPartOf\":{\"@id\":\"https:\/\/www.aibi.it\/coopaibc\/#website\"},\"datePublished\":\"2016-12-12T16:08:16+00:00\",\"breadcrumb\":{\"@id\":\"https:\/\/www.aibi.it\/coopaibc\/informativa-sui-cookies\/#breadcrumb\"},\"inLanguage\":\"it-IT\",\"potentialAction\":[{\"@type\":\"ReadAction\",\"target\":[\"https:\/\/www.aibi.it\/coopaibc\/informativa-sui-cookies\/\"]}]},{\"@type\":\"BreadcrumbList\",\"@id\":\"https:\/\/www.aibi.it\/coopaibc\/informativa-sui-cookies\/#breadcrumb\",\"itemListElement\":[{\"@type\":\"ListItem\",\"position\":1,\"name\":\"Home\",\"item\":\"https:\/\/www.aibi.it\/coopaibc\/\"},{\"@type\":\"ListItem\",\"position\":2,\"name\":\"Informativa sui Cookies\"}]},{\"@type\":\"WebSite\",\"@id\":\"https:\/\/www.aibi.it\/coopaibc\/#website\",\"url\":\"https:\/\/www.aibi.it\/coopaibc\/\",\"name\":\"AIBC\",\"description\":\"Cooperativa Sociale\",\"publisher\":{\"@id\":\"https:\/\/www.aibi.it\/coopaibc\/#organization\"},\"potentialAction\":[{\"@type\":\"SearchAction\",\"target\":{\"@type\":\"EntryPoint\",\"urlTemplate\":\"https:\/\/www.aibi.it\/coopaibc\/?s={search_term_string}\"},\"query-input\":{\"@type\":\"PropertyValueSpecification\",\"valueRequired\":true,\"valueName\":\"search_term_string\"}}],\"inLanguage\":\"it-IT\"},{\"@type\":\"Organization\",\"@id\":\"https:\/\/www.aibi.it\/coopaibc\/#organization\",\"name\":\"AIBC\",\"url\":\"https:\/\/www.aibi.it\/coopaibc\/\",\"logo\":{\"@type\":\"ImageObject\",\"inLanguage\":\"it-IT\",\"@id\":\"https:\/\/www.aibi.it\/coopaibc\/#\/schema\/logo\/image\/\",\"url\":\"https:\/\/www.aibi.it\/coopaibc\/wp-content\/uploads\/2016\/11\/cropped-logo-aibc-arancio-neg-150-1.png\",\"contentUrl\":\"https:\/\/www.aibi.it\/coopaibc\/wp-content\/uploads\/2016\/11\/cropped-logo-aibc-arancio-neg-150-1.png\",\"width\":150,\"height\":88,\"caption\":\"AIBC\"},\"image\":{\"@id\":\"https:\/\/www.aibi.it\/coopaibc\/#\/schema\/logo\/image\/\"}}]}<\/script>\n<!-- \/ Yoast SEO plugin. -->","yoast_head_json":{"title":"Informativa sui Cookies - AIBC","robots":{"index":"index","follow":"follow","max-snippet":"max-snippet:-1","max-image-preview":"max-image-preview:large","max-video-preview":"max-video-preview:-1"},"canonical":"https:\/\/www.aibi.it\/coopaibc\/informativa-sui-cookies\/","og_locale":"it_IT","og_type":"article","og_title":"Informativa sui Cookies - AIBC","og_description":"COSA SONO I COOKIES? I cookies sono una sorta di &ldquo;promemoria&rdquo;, brevi &ldquo;righe di testo&rdquo; contenenti informazioni che possono essere salvate sul computer di un utente quando il browser (es. Chrome, FireFox o InternetExplorer) richiama un determinato sito web. Grazie ai cookies il server invia informazioni che verranno rilette e [&hellip;]","og_url":"https:\/\/www.aibi.it\/coopaibc\/informativa-sui-cookies\/","og_site_name":"AIBC","twitter_card":"summary_large_image","twitter_misc":{"Tempo di lettura stimato":"2 minuti"},"schema":{"@context":"https:\/\/schema.org","@graph":[{"@type":"WebPage","@id":"https:\/\/www.aibi.it\/coopaibc\/informativa-sui-cookies\/","url":"https:\/\/www.aibi.it\/coopaibc\/informativa-sui-cookies\/","name":"Informativa sui Cookies - AIBC","isPartOf":{"@id":"https:\/\/www.aibi.it\/coopaibc\/#website"},"datePublished":"2016-12-12T16:08:16+00:00","breadcrumb":{"@id":"https:\/\/www.aibi.it\/coopaibc\/informativa-sui-cookies\/#breadcrumb"},"inLanguage":"it-IT","potentialAction":[{"@type":"ReadAction","target":["https:\/\/www.aibi.it\/coopaibc\/informativa-sui-cookies\/"]}]},{"@type":"BreadcrumbList","@id":"https:\/\/www.aibi.it\/coopaibc\/informativa-sui-cookies\/#breadcrumb","itemListElement":[{"@type":"ListItem","position":1,"name":"Home","item":"https:\/\/www.aibi.it\/coopaibc\/"},{"@type":"ListItem","position":2,"name":"Informativa sui Cookies"}]},{"@type":"WebSite","@id":"https:\/\/www.aibi.it\/coopaibc\/#website","url":"https:\/\/www.aibi.it\/coopaibc\/","name":"AIBC","description":"Cooperativa Sociale","publisher":{"@id":"https:\/\/www.aibi.it\/coopaibc\/#organization"},"potentialAction":[{"@type":"SearchAction","target":{"@type":"EntryPoint","urlTemplate":"https:\/\/www.aibi.it\/coopaibc\/?s={search_term_string}"},"query-input":{"@type":"PropertyValueSpecification","valueRequired":true,"valueName":"search_term_string"}}],"inLanguage":"it-IT"},{"@type":"Organization","@id":"https:\/\/www.aibi.it\/coopaibc\/#organization","name":"AIBC","url":"https:\/\/www.aibi.it\/coopaibc\/","logo":{"@type":"ImageObject","inLanguage":"it-IT","@id":"https:\/\/www.aibi.it\/coopaibc\/#\/schema\/logo\/image\/","url":"https:\/\/www.aibi.it\/coopaibc\/wp-content\/uploads\/2016\/11\/cropped-logo-aibc-arancio-neg-150-1.png","contentUrl":"https:\/\/www.aibi.it\/coopaibc\/wp-content\/uploads\/2016\/11\/cropped-logo-aibc-arancio-neg-150-1.png","width":150,"height":88,"caption":"AIBC"},"image":{"@id":"https:\/\/www.aibi.it\/coopaibc\/#\/schema\/logo\/image\/"}}]}},"_links":{"self":[{"href":"https:\/\/www.aibi.it\/coopaibc\/wp-json\/wp\/v2\/pages\/411","targetHints":{"allow":["GET"]}}],"collection":[{"href":"https:\/\/www.aibi.it\/coopaibc\/wp-json\/wp\/v2\/pages"}],"about":[{"href":"https:\/\/www.aibi.it\/coopaibc\/wp-json\/wp\/v2\/types\/page"}],"author":[{"embeddable":true,"href":"https:\/\/www.aibi.it\/coopaibc\/wp-json\/wp\/v2\/users\/1"}],"replies":[{"embeddable":true,"href":"https:\/\/www.aibi.it\/coopaibc\/wp-json\/wp\/v2\/comments?post=411"}],"version-history":[{"count":0,"href":"https:\/\/www.aibi.it\/coopaibc\/wp-json\/wp\/v2\/pages\/411\/revisions"}],"wp:attachment":[{"href":"https:\/\/www.aibi.it\/coopaibc\/wp-json\/wp\/v2\/media?parent=411"}],"curies":[{"name":"wp","href":"https:\/\/api.w.org\/{rel}","templated":true}]}}