{"id":98,"date":"2015-10-14T12:54:20","date_gmt":"2015-10-14T12:54:20","guid":{"rendered":"http:\/\/demo.wpzoom.com\/medicus\/?page_id=98"},"modified":"2025-03-19T15:43:30","modified_gmt":"2025-03-19T14:43:30","slug":"tutela-della-vita","status":"publish","type":"page","link":"https:\/\/www.aibi.it\/coopaibc\/servizi-per-la-famiglia\/tutela-della-vita\/","title":{"rendered":"Tutela della Vita"},"content":{"rendered":"<h2>Se aspetti un bambino e sei in difficolt\u00e0 puoi:<\/h2>\n<p><strong>Partorire in Ospedale in anonimato:<\/strong> puoi scegliere di dare alla luce il piccolo presso un Ospedale senza l&#8217;obbligo di registrare la tua identit\u00e0, ricevendo entrambi immediate cure mediche e assistenza.\u00a0 In Ospedale, al momento del parto, viene garantita la massima riservatezza, senza giudizi colpevolizzanti ma con interventi adeguati ed efficaci, per assicurare &#8211; anche dopo la dimissione &#8211; che il parto resti in anonimato. La legge consente alla madre di\u00a0non riconoscere il bambino e di lasciarlo nell&#8217;Ospedale\u00a0dove \u00e8 nato\u00a0 (<a href=\"http:\/\/www.trovanorme.salute.gov.it\/norme\/dettaglioAtto?id=54629&amp;articolo=30\" target=\"_blank\" rel=\"noopener noreferrer\">DPR 396\/2000, art. 30, comma 2<\/a>) affinch\u00e9 sia assicurata l\u2019assistenza e anche la sua tutela giuridica.\u00a0Il nome della madre rimane per sempre segreto\u00a0e nell&#8217;atto di nascita del bambino viene scritto \u201cnato da donna che non consente di essere nominata\u201d.\u00a0L&#8217;immediata segnalazione alla Procura della Repubblica presso il Tribunale per i minorenni della situazione di abbandono del neonato non riconosciuto, permette l\u2019apertura di un procedimento di\u00a0adottabilit\u00e0\u00a0e la sollecita individuazione di un\u2019idonea coppia che potr\u00e0 adottarlo. Il neonato avr\u00e0 cos\u00ec garantito il diritto di crescere ed essere educato da una mamma e un pap\u00e0.<\/p>\n<p><strong>Utilizzare una Culla per la Vita:\u00a0<\/strong>una struttura concepita appositamente per permettere di lasciare, totalmente protetti, i neonati da parte di quelle mamme in difficolt\u00e0, nel pieno rispetto della sicurezza del bambino e della privacy di chi lo deposita.<\/p>\n<p><img loading=\"lazy\" decoding=\"async\" class=\"size-medium wp-image-362 alignleft\" src=\"https:\/\/www.aibi.it\/coopaibc\/wp-content\/uploads\/2015\/10\/tutela-300x200.jpg\" alt=\"Tutela alla vita\" width=\"300\" height=\"200\" srcset=\"https:\/\/www.aibi.it\/coopaibc\/wp-content\/uploads\/2015\/10\/tutela-300x200.jpg 300w, https:\/\/www.aibi.it\/coopaibc\/wp-content\/uploads\/2015\/10\/tutela-768x512.jpg 768w, https:\/\/www.aibi.it\/coopaibc\/wp-content\/uploads\/2015\/10\/tutela.jpg 800w\" sizes=\"auto, (max-width: 300px) 100vw, 300px\" \/>La Culla per la Vita garantisce l\u2019anonimato della mamma che vuole lasciare il bambino ed \u00e8 dotata di una serie di dispositivi (riscaldamento, chiusura in sicurezza dello sportello, presidio di controllo h 24 e rete con il servizio di soccorso medico) che permettono un facile utilizzo e un pronto intervento per la salvaguardia del bambino. La Culla per la Vita \u00e8 un\u2019estrema possibilit\u00e0 di accoglienza e di vita che deve servire ad evitare un estremo gesto di rifiuto. La culla per la vita &#8220;La Chioccia&#8221;<strong>\u00a0si trova a San Giuliano Milanese<\/strong>, nella frazione di Pedriano, in via dei Pioppi 4.<\/p>\n<p><strong>[marzo 2025 &#8211; Attualmente la Culla per la Vita \u00e8 fuori servizio per problemi tecnici]<\/strong><\/p>\n<p><strong>Se vuoi ricevere ulteriori informazioni<\/strong> pu\u00f2 chiamare, da luned\u00ec a venerd\u00ec, il numero <b>3496955321<\/b><\/p>\n","protected":false},"excerpt":{"rendered":"<p>Se aspetti un bambino e sei in difficolt&agrave; puoi: Partorire in Ospedale in anonimato: puoi scegliere di dare alla luce il piccolo presso un Ospedale senza l&rsquo;obbligo di registrare la tua identit&agrave;, ricevendo entrambi immediate cure mediche e assistenza.&nbsp; In Ospedale, al momento del parto, viene garantita la massima riservatezza, [&hellip;]<\/p>\n","protected":false},"author":1,"featured_media":362,"parent":566,"menu_order":6,"comment_status":"closed","ping_status":"closed","template":"page-templates\/full-width.php","meta":{"footnotes":""},"class_list":["post-98","page","type-page","status-publish","has-post-thumbnail"],"yoast_head":"<!-- This site is optimized with the Yoast SEO plugin v26.1.1 - https:\/\/yoast.com\/wordpress\/plugins\/seo\/ -->\n<title>Tutela della Vita - AIBC<\/title>\n<meta name=\"robots\" content=\"index, follow, max-snippet:-1, max-image-preview:large, max-video-preview:-1\" \/>\n<link rel=\"canonical\" href=\"https:\/\/www.aibi.it\/coopaibc\/servizi-per-la-famiglia\/tutela-della-vita\/\" \/>\n<meta property=\"og:locale\" content=\"it_IT\" \/>\n<meta property=\"og:type\" content=\"article\" \/>\n<meta property=\"og:title\" content=\"Tutela della Vita - AIBC\" \/>\n<meta property=\"og:description\" content=\"Se aspetti un bambino e sei in difficolt&agrave; puoi: Partorire in Ospedale in anonimato: puoi scegliere di dare alla luce il piccolo presso un Ospedale senza l&rsquo;obbligo di registrare la tua identit&agrave;, ricevendo entrambi immediate cure mediche e assistenza.&nbsp; In Ospedale, al momento del parto, viene garantita la massima riservatezza, [&hellip;]\" \/>\n<meta property=\"og:url\" content=\"https:\/\/www.aibi.it\/coopaibc\/servizi-per-la-famiglia\/tutela-della-vita\/\" \/>\n<meta property=\"og:site_name\" content=\"AIBC\" \/>\n<meta property=\"article:modified_time\" content=\"2025-03-19T14:43:30+00:00\" \/>\n<meta property=\"og:image\" content=\"https:\/\/www.aibi.it\/coopaibc\/wp-content\/uploads\/2015\/10\/tutela.jpg\" \/>\n\t<meta property=\"og:image:width\" content=\"800\" \/>\n\t<meta property=\"og:image:height\" content=\"533\" \/>\n\t<meta property=\"og:image:type\" content=\"image\/jpeg\" \/>\n<meta name=\"twitter:card\" content=\"summary_large_image\" \/>\n<meta name=\"twitter:label1\" content=\"Tempo di lettura stimato\" \/>\n\t<meta name=\"twitter:data1\" content=\"3 minuti\" \/>\n<script type=\"application\/ld+json\" class=\"yoast-schema-graph\">{\"@context\":\"https:\/\/schema.org\",\"@graph\":[{\"@type\":\"WebPage\",\"@id\":\"https:\/\/www.aibi.it\/coopaibc\/servizi-per-la-famiglia\/tutela-della-vita\/\",\"url\":\"https:\/\/www.aibi.it\/coopaibc\/servizi-per-la-famiglia\/tutela-della-vita\/\",\"name\":\"Tutela della Vita - AIBC\",\"isPartOf\":{\"@id\":\"https:\/\/www.aibi.it\/coopaibc\/#website\"},\"primaryImageOfPage\":{\"@id\":\"https:\/\/www.aibi.it\/coopaibc\/servizi-per-la-famiglia\/tutela-della-vita\/#primaryimage\"},\"image\":{\"@id\":\"https:\/\/www.aibi.it\/coopaibc\/servizi-per-la-famiglia\/tutela-della-vita\/#primaryimage\"},\"thumbnailUrl\":\"https:\/\/www.aibi.it\/coopaibc\/wp-content\/uploads\/2015\/10\/tutela.jpg\",\"datePublished\":\"2015-10-14T12:54:20+00:00\",\"dateModified\":\"2025-03-19T14:43:30+00:00\",\"breadcrumb\":{\"@id\":\"https:\/\/www.aibi.it\/coopaibc\/servizi-per-la-famiglia\/tutela-della-vita\/#breadcrumb\"},\"inLanguage\":\"it-IT\",\"potentialAction\":[{\"@type\":\"ReadAction\",\"target\":[\"https:\/\/www.aibi.it\/coopaibc\/servizi-per-la-famiglia\/tutela-della-vita\/\"]}]},{\"@type\":\"ImageObject\",\"inLanguage\":\"it-IT\",\"@id\":\"https:\/\/www.aibi.it\/coopaibc\/servizi-per-la-famiglia\/tutela-della-vita\/#primaryimage\",\"url\":\"https:\/\/www.aibi.it\/coopaibc\/wp-content\/uploads\/2015\/10\/tutela.jpg\",\"contentUrl\":\"https:\/\/www.aibi.it\/coopaibc\/wp-content\/uploads\/2015\/10\/tutela.jpg\",\"width\":800,\"height\":533,\"caption\":\"Tutela alla vita\"},{\"@type\":\"BreadcrumbList\",\"@id\":\"https:\/\/www.aibi.it\/coopaibc\/servizi-per-la-famiglia\/tutela-della-vita\/#breadcrumb\",\"itemListElement\":[{\"@type\":\"ListItem\",\"position\":1,\"name\":\"Home\",\"item\":\"https:\/\/www.aibi.it\/coopaibc\/\"},{\"@type\":\"ListItem\",\"position\":2,\"name\":\"Servizi per la Famiglia\",\"item\":\"https:\/\/www.aibi.it\/coopaibc\/servizi-per-la-famiglia\/\"},{\"@type\":\"ListItem\",\"position\":3,\"name\":\"Tutela della Vita\"}]},{\"@type\":\"WebSite\",\"@id\":\"https:\/\/www.aibi.it\/coopaibc\/#website\",\"url\":\"https:\/\/www.aibi.it\/coopaibc\/\",\"name\":\"AIBC\",\"description\":\"Cooperativa Sociale\",\"publisher\":{\"@id\":\"https:\/\/www.aibi.it\/coopaibc\/#organization\"},\"potentialAction\":[{\"@type\":\"SearchAction\",\"target\":{\"@type\":\"EntryPoint\",\"urlTemplate\":\"https:\/\/www.aibi.it\/coopaibc\/?s={search_term_string}\"},\"query-input\":{\"@type\":\"PropertyValueSpecification\",\"valueRequired\":true,\"valueName\":\"search_term_string\"}}],\"inLanguage\":\"it-IT\"},{\"@type\":\"Organization\",\"@id\":\"https:\/\/www.aibi.it\/coopaibc\/#organization\",\"name\":\"AIBC\",\"url\":\"https:\/\/www.aibi.it\/coopaibc\/\",\"logo\":{\"@type\":\"ImageObject\",\"inLanguage\":\"it-IT\",\"@id\":\"https:\/\/www.aibi.it\/coopaibc\/#\/schema\/logo\/image\/\",\"url\":\"https:\/\/www.aibi.it\/coopaibc\/wp-content\/uploads\/2016\/11\/cropped-logo-aibc-arancio-neg-150-1.png\",\"contentUrl\":\"https:\/\/www.aibi.it\/coopaibc\/wp-content\/uploads\/2016\/11\/cropped-logo-aibc-arancio-neg-150-1.png\",\"width\":150,\"height\":88,\"caption\":\"AIBC\"},\"image\":{\"@id\":\"https:\/\/www.aibi.it\/coopaibc\/#\/schema\/logo\/image\/\"}}]}<\/script>\n<!-- \/ Yoast SEO plugin. -->","yoast_head_json":{"title":"Tutela della Vita - AIBC","robots":{"index":"index","follow":"follow","max-snippet":"max-snippet:-1","max-image-preview":"max-image-preview:large","max-video-preview":"max-video-preview:-1"},"canonical":"https:\/\/www.aibi.it\/coopaibc\/servizi-per-la-famiglia\/tutela-della-vita\/","og_locale":"it_IT","og_type":"article","og_title":"Tutela della Vita - AIBC","og_description":"Se aspetti un bambino e sei in difficolt&agrave; puoi: Partorire in Ospedale in anonimato: puoi scegliere di dare alla luce il piccolo presso un Ospedale senza l&rsquo;obbligo di registrare la tua identit&agrave;, ricevendo entrambi immediate cure mediche e assistenza.&nbsp; In Ospedale, al momento del parto, viene garantita la massima riservatezza, [&hellip;]","og_url":"https:\/\/www.aibi.it\/coopaibc\/servizi-per-la-famiglia\/tutela-della-vita\/","og_site_name":"AIBC","article_modified_time":"2025-03-19T14:43:30+00:00","og_image":[{"width":800,"height":533,"url":"https:\/\/www.aibi.it\/coopaibc\/wp-content\/uploads\/2015\/10\/tutela.jpg","type":"image\/jpeg"}],"twitter_card":"summary_large_image","twitter_misc":{"Tempo di lettura stimato":"3 minuti"},"schema":{"@context":"https:\/\/schema.org","@graph":[{"@type":"WebPage","@id":"https:\/\/www.aibi.it\/coopaibc\/servizi-per-la-famiglia\/tutela-della-vita\/","url":"https:\/\/www.aibi.it\/coopaibc\/servizi-per-la-famiglia\/tutela-della-vita\/","name":"Tutela della Vita - AIBC","isPartOf":{"@id":"https:\/\/www.aibi.it\/coopaibc\/#website"},"primaryImageOfPage":{"@id":"https:\/\/www.aibi.it\/coopaibc\/servizi-per-la-famiglia\/tutela-della-vita\/#primaryimage"},"image":{"@id":"https:\/\/www.aibi.it\/coopaibc\/servizi-per-la-famiglia\/tutela-della-vita\/#primaryimage"},"thumbnailUrl":"https:\/\/www.aibi.it\/coopaibc\/wp-content\/uploads\/2015\/10\/tutela.jpg","datePublished":"2015-10-14T12:54:20+00:00","dateModified":"2025-03-19T14:43:30+00:00","breadcrumb":{"@id":"https:\/\/www.aibi.it\/coopaibc\/servizi-per-la-famiglia\/tutela-della-vita\/#breadcrumb"},"inLanguage":"it-IT","potentialAction":[{"@type":"ReadAction","target":["https:\/\/www.aibi.it\/coopaibc\/servizi-per-la-famiglia\/tutela-della-vita\/"]}]},{"@type":"ImageObject","inLanguage":"it-IT","@id":"https:\/\/www.aibi.it\/coopaibc\/servizi-per-la-famiglia\/tutela-della-vita\/#primaryimage","url":"https:\/\/www.aibi.it\/coopaibc\/wp-content\/uploads\/2015\/10\/tutela.jpg","contentUrl":"https:\/\/www.aibi.it\/coopaibc\/wp-content\/uploads\/2015\/10\/tutela.jpg","width":800,"height":533,"caption":"Tutela alla vita"},{"@type":"BreadcrumbList","@id":"https:\/\/www.aibi.it\/coopaibc\/servizi-per-la-famiglia\/tutela-della-vita\/#breadcrumb","itemListElement":[{"@type":"ListItem","position":1,"name":"Home","item":"https:\/\/www.aibi.it\/coopaibc\/"},{"@type":"ListItem","position":2,"name":"Servizi per la Famiglia","item":"https:\/\/www.aibi.it\/coopaibc\/servizi-per-la-famiglia\/"},{"@type":"ListItem","position":3,"name":"Tutela della Vita"}]},{"@type":"WebSite","@id":"https:\/\/www.aibi.it\/coopaibc\/#website","url":"https:\/\/www.aibi.it\/coopaibc\/","name":"AIBC","description":"Cooperativa Sociale","publisher":{"@id":"https:\/\/www.aibi.it\/coopaibc\/#organization"},"potentialAction":[{"@type":"SearchAction","target":{"@type":"EntryPoint","urlTemplate":"https:\/\/www.aibi.it\/coopaibc\/?s={search_term_string}"},"query-input":{"@type":"PropertyValueSpecification","valueRequired":true,"valueName":"search_term_string"}}],"inLanguage":"it-IT"},{"@type":"Organization","@id":"https:\/\/www.aibi.it\/coopaibc\/#organization","name":"AIBC","url":"https:\/\/www.aibi.it\/coopaibc\/","logo":{"@type":"ImageObject","inLanguage":"it-IT","@id":"https:\/\/www.aibi.it\/coopaibc\/#\/schema\/logo\/image\/","url":"https:\/\/www.aibi.it\/coopaibc\/wp-content\/uploads\/2016\/11\/cropped-logo-aibc-arancio-neg-150-1.png","contentUrl":"https:\/\/www.aibi.it\/coopaibc\/wp-content\/uploads\/2016\/11\/cropped-logo-aibc-arancio-neg-150-1.png","width":150,"height":88,"caption":"AIBC"},"image":{"@id":"https:\/\/www.aibi.it\/coopaibc\/#\/schema\/logo\/image\/"}}]}},"_links":{"self":[{"href":"https:\/\/www.aibi.it\/coopaibc\/wp-json\/wp\/v2\/pages\/98","targetHints":{"allow":["GET"]}}],"collection":[{"href":"https:\/\/www.aibi.it\/coopaibc\/wp-json\/wp\/v2\/pages"}],"about":[{"href":"https:\/\/www.aibi.it\/coopaibc\/wp-json\/wp\/v2\/types\/page"}],"author":[{"embeddable":true,"href":"https:\/\/www.aibi.it\/coopaibc\/wp-json\/wp\/v2\/users\/1"}],"replies":[{"embeddable":true,"href":"https:\/\/www.aibi.it\/coopaibc\/wp-json\/wp\/v2\/comments?post=98"}],"version-history":[{"count":13,"href":"https:\/\/www.aibi.it\/coopaibc\/wp-json\/wp\/v2\/pages\/98\/revisions"}],"predecessor-version":[{"id":3878,"href":"https:\/\/www.aibi.it\/coopaibc\/wp-json\/wp\/v2\/pages\/98\/revisions\/3878"}],"up":[{"embeddable":true,"href":"https:\/\/www.aibi.it\/coopaibc\/wp-json\/wp\/v2\/pages\/566"}],"wp:featuredmedia":[{"embeddable":true,"href":"https:\/\/www.aibi.it\/coopaibc\/wp-json\/wp\/v2\/media\/362"}],"wp:attachment":[{"href":"https:\/\/www.aibi.it\/coopaibc\/wp-json\/wp\/v2\/media?parent=98"}],"curies":[{"name":"wp","href":"https:\/\/api.w.org\/{rel}","templated":true}]}}