{"id":17,"date":"2009-05-13T12:58:59","date_gmt":"2009-05-13T10:58:59","guid":{"rendered":"http:\/\/www.aibi.it\/lasciti-testamentari\/?page_id=17"},"modified":"2022-08-24T17:31:53","modified_gmt":"2022-08-24T15:31:53","slug":"glossario","status":"publish","type":"page","link":"https:\/\/www.aibi.it\/lasciti-testamentari\/fare-testamento\/glossario\/","title":{"rendered":"Glossario"},"content":{"rendered":"<blockquote>\n<h3>Ascendenti<\/h3>\n<p>I genitori, i nonni e, a ritroso, tutti i parenti in linea retta. Gli ascendenti legittimi \u2013 sono tali gli ascendenti legati al testatore (vedi) da un vincolo di filiazione legittima, ci\u00f2 significa che quest&#8217;ultimo deve essere nato da genitori coniugati &#8211; hanno diritto alla quota di legittima (vedi), ma solo se colui che redige testamento non abbia figli o altri discendenti (es. nipoti in linea retta, quali i figli dei figli).<\/p><\/blockquote>\n<blockquote>\n<h3>Beneficio d&#8217;inventario<\/h3>\n<p>L&#8217;accettazione dell&#8217;eredit\u00e0 con beneficio di inventario (o &#8220;beneficiata&#8221;) ricorre quando l&#8217;erede, con apposita dichiarazione, impedisce che il proprio patrimonio si confonda con i beni ereditati. Questo fa s\u00ec che ove l&#8217;eredit\u00e0 sia passiva (cio\u00e8 ove il valore dei debiti superi quello dei beni ereditati),l&#8217;erede sia chiamato a risponderne solo nei limiti del patrimonio ereditato.<\/p><\/blockquote>\n<blockquote>\n<h3>Codicillo<\/h3>\n<p>Postilla, annotazione. Con questo termine si usa indicare una dichiarazione di ultima volont\u00e0 che integri, modifichi o cancelli una disposizione contenuta in un testamento gi\u00e0 scritto in precedenza.<\/p><\/blockquote>\n<blockquote>\n<h3>De cuius<\/h3>\n<p>Colui che alla sua morte trasmette ai successori il proprio patrimonio detto comunemente eredit\u00e0.<\/p><\/blockquote>\n<blockquote>\n<h3>Discendenti<\/h3>\n<p>Figli e nipoti in linea retta (cio\u00e8 figli dei figli). I discenti sono legittimari, hanno cio\u00e8 diritto alla quota di legittima (vedi). Al contrario degli ascendenti, tale diritto spetta anche ai discendenti che non siano legittimi, bens\u00ec naturali, cio\u00e8 nati da genitori non legati da vincolo coniugale.<\/p><\/blockquote>\n<blockquote>\n<h3>Eredit\u00e0<\/h3>\n<p>Insieme dei beni trasmessi in via successoria<\/p><\/blockquote>\n<blockquote>\n<h3>Esecutore testamentario<\/h3>\n<p>Persona nominata che il testatore (vedi) pu\u00f2 nominare nel testamento, affinch\u00e8 si occupi dell\u2019esecuzione di tutte le clausole in questo contenute<\/p><\/blockquote>\n<blockquote>\n<h3>Legato<\/h3>\n<p>successione a titolo particolare, con la quale il de cuius attribuisce al legatario (che deve essere indicato nominativamente) uno o pi\u00f9 beni determinati (che non vengono considerate come quote dell&#8217;intero patrimonio ereditario, es. lascio a Tizio la mia casa al mare). Il legato si contrappone alla successione dell&#8217;erede che \u00e8 a titolo universale, in quanto l&#8217;erede subentra in tutti i rapporti del de cuius.<\/p><\/blockquote>\n<blockquote>\n<h3>Legittima<\/h3>\n<p>\u00c8 la parte dei beni del de cuius spettante per legge ai legittimari, che sono ascendenti (se sono legittimi e se il de cuius non ha discendenti), coniuge o soggetto unito civilmente e discendenti.<\/p><\/blockquote>\n<blockquote>\n<h3>Olografo<\/h3>\n<p>Testamento scritto, datato e sottoscritto di proprio pugno dal testatore.<\/p><\/blockquote>\n<blockquote>\n<h3>Onerato<\/h3>\n<p>L&#8217;onere o modus \u00e8 il peso che il soggetto favorito da un acquisto mortis causa subisce per volont\u00e0 del testatore. Si tratta di una situazione affine all&#8217;obbligo, al dovere, che pu\u00f2 consistere in un&#8217;obbligazione di fare, dare o non dare, per cui il soggetto su cui grava (detto onerato) \u00e8 tenuto a un determinato comportamento, in mancanza la disposizione testamentaria in suo favore pu\u00f2 essere impugnata da qualsiasi interessato e quindi venir meno<\/p><\/blockquote>\n<blockquote>\n<h3>Rappresentazione<\/h3>\n<p>Istituto in forza del quale i discendenti (vedi) subentrano in luogo e nel grado del loro ascendente in tutti i casi in cui questi non possa o non voglia accettare l\u2019eredit\u00e0 o il legato de de cuius.<\/p><\/blockquote>\n<blockquote>\n<h3>Successione<\/h3>\n<p>Per &#8220;successione ereditaria&#8221; si intende il subentrare di determinati soggetti in tutti i rapporti attivi (crediti) e passivi (debito) del de cuius, definita eredit\u00e0 (vedi). La successione pu\u00f2 essere &#8220;testamentaria&#8221; quando il de cuius avesse, in vita, redatto un testamento; oppure pu\u00f2 essere &#8220;legittima&#8221;, in favore di determinati parenti individuati dalla legge (coniuge o soggetto unito civilmente, discendenti, ascendenti, collaterali entro il sesto grado e, in ultimo, lo Stato) quando il testamento manchi. Questo tipo di successione \u00e8 definita anche &#8220;intestata&#8221; o &#8220;ab intestato&#8221;, cio\u00e8, appunto senza testamento.<\/p><\/blockquote>\n<blockquote>\n<h3>Testamento<\/h3>\n<p>Atto scritto, sempre revocabile o modificabile, con il quale taluno dispone di tutte o parte delle proprie sostanze per il tempo in cui avr\u00e0 cessato di vivere.<br \/>\nTestatore: colui che redige testamento.<\/p><\/blockquote>\n","protected":false},"excerpt":{"rendered":"<p>Ascendenti I genitori, i nonni e, a ritroso, tutti i parenti in linea retta. Gli ascendenti legittimi \u2013 sono tali gli ascendenti legati al testatore (vedi) da un vincolo di filiazione legittima, ci\u00f2 significa che quest&#8217;ultimo deve essere nato da genitori coniugati &#8211; hanno diritto alla quota di legittima (vedi), ma solo se colui che redige testamento non abbia figli&#8230;<\/p>\n","protected":false},"author":3,"featured_media":0,"parent":29,"menu_order":6,"comment_status":"closed","ping_status":"closed","template":"","meta":[],"yoast_head":"<!-- This site is optimized with the Yoast SEO plugin v21.1 - https:\/\/yoast.com\/wordpress\/plugins\/seo\/ -->\n<title>Glossario - Lasciti Testamentari<\/title>\n<meta name=\"robots\" content=\"index, follow, max-snippet:-1, max-image-preview:large, max-video-preview:-1\" \/>\n<link rel=\"canonical\" href=\"https:\/\/www.aibi.it\/lasciti-testamentari\/fare-testamento\/glossario\/\" \/>\n<meta property=\"og:locale\" content=\"it_IT\" \/>\n<meta property=\"og:type\" content=\"article\" \/>\n<meta property=\"og:title\" content=\"Glossario - Lasciti Testamentari\" \/>\n<meta property=\"og:description\" content=\"Ascendenti I genitori, i nonni e, a ritroso, tutti i parenti in linea retta. Gli ascendenti legittimi \u2013 sono tali gli ascendenti legati al testatore (vedi) da un vincolo di filiazione legittima, ci\u00f2 significa che quest&#8217;ultimo deve essere nato da genitori coniugati &#8211; hanno diritto alla quota di legittima (vedi), ma solo se colui che redige testamento non abbia figli...\" \/>\n<meta property=\"og:url\" content=\"https:\/\/www.aibi.it\/lasciti-testamentari\/fare-testamento\/glossario\/\" \/>\n<meta property=\"og:site_name\" content=\"Lasciti Testamentari\" \/>\n<meta property=\"article:modified_time\" content=\"2022-08-24T15:31:53+00:00\" \/>\n<meta name=\"twitter:card\" content=\"summary_large_image\" \/>\n<meta name=\"twitter:label1\" content=\"Tempo di lettura stimato\" \/>\n\t<meta name=\"twitter:data1\" content=\"4 minuti\" \/>\n<script type=\"application\/ld+json\" class=\"yoast-schema-graph\">{\"@context\":\"https:\/\/schema.org\",\"@graph\":[{\"@type\":\"WebPage\",\"@id\":\"https:\/\/www.aibi.it\/lasciti-testamentari\/fare-testamento\/glossario\/\",\"url\":\"https:\/\/www.aibi.it\/lasciti-testamentari\/fare-testamento\/glossario\/\",\"name\":\"Glossario - Lasciti Testamentari\",\"isPartOf\":{\"@id\":\"https:\/\/www.aibi.it\/lasciti-testamentari\/#website\"},\"datePublished\":\"2009-05-13T10:58:59+00:00\",\"dateModified\":\"2022-08-24T15:31:53+00:00\",\"breadcrumb\":{\"@id\":\"https:\/\/www.aibi.it\/lasciti-testamentari\/fare-testamento\/glossario\/#breadcrumb\"},\"inLanguage\":\"it-IT\",\"potentialAction\":[{\"@type\":\"ReadAction\",\"target\":[\"https:\/\/www.aibi.it\/lasciti-testamentari\/fare-testamento\/glossario\/\"]}]},{\"@type\":\"BreadcrumbList\",\"@id\":\"https:\/\/www.aibi.it\/lasciti-testamentari\/fare-testamento\/glossario\/#breadcrumb\",\"itemListElement\":[{\"@type\":\"ListItem\",\"position\":1,\"name\":\"Home\",\"item\":\"https:\/\/www.aibi.it\/lasciti-testamentari\/\"},{\"@type\":\"ListItem\",\"position\":2,\"name\":\"Come fare testamento\",\"item\":\"https:\/\/www.aibi.it\/lasciti-testamentari\/fare-testamento\/\"},{\"@type\":\"ListItem\",\"position\":3,\"name\":\"Glossario\"}]},{\"@type\":\"WebSite\",\"@id\":\"https:\/\/www.aibi.it\/lasciti-testamentari\/#website\",\"url\":\"https:\/\/www.aibi.it\/lasciti-testamentari\/\",\"name\":\"Lasciti Testamentari e Solidali\",\"description\":\"Fai un lascito Solidale ad Amici dei Bambini\",\"potentialAction\":[{\"@type\":\"SearchAction\",\"target\":{\"@type\":\"EntryPoint\",\"urlTemplate\":\"https:\/\/www.aibi.it\/lasciti-testamentari\/?s={search_term_string}\"},\"query-input\":\"required name=search_term_string\"}],\"inLanguage\":\"it-IT\"}]}<\/script>\n<!-- \/ Yoast SEO plugin. -->","yoast_head_json":{"title":"Glossario - Lasciti Testamentari","robots":{"index":"index","follow":"follow","max-snippet":"max-snippet:-1","max-image-preview":"max-image-preview:large","max-video-preview":"max-video-preview:-1"},"canonical":"https:\/\/www.aibi.it\/lasciti-testamentari\/fare-testamento\/glossario\/","og_locale":"it_IT","og_type":"article","og_title":"Glossario - Lasciti Testamentari","og_description":"Ascendenti I genitori, i nonni e, a ritroso, tutti i parenti in linea retta. Gli ascendenti legittimi \u2013 sono tali gli ascendenti legati al testatore (vedi) da un vincolo di filiazione legittima, ci\u00f2 significa che quest&#8217;ultimo deve essere nato da genitori coniugati &#8211; hanno diritto alla quota di legittima (vedi), ma solo se colui che redige testamento non abbia figli...","og_url":"https:\/\/www.aibi.it\/lasciti-testamentari\/fare-testamento\/glossario\/","og_site_name":"Lasciti Testamentari","article_modified_time":"2022-08-24T15:31:53+00:00","twitter_card":"summary_large_image","twitter_misc":{"Tempo di lettura stimato":"4 minuti"},"schema":{"@context":"https:\/\/schema.org","@graph":[{"@type":"WebPage","@id":"https:\/\/www.aibi.it\/lasciti-testamentari\/fare-testamento\/glossario\/","url":"https:\/\/www.aibi.it\/lasciti-testamentari\/fare-testamento\/glossario\/","name":"Glossario - Lasciti Testamentari","isPartOf":{"@id":"https:\/\/www.aibi.it\/lasciti-testamentari\/#website"},"datePublished":"2009-05-13T10:58:59+00:00","dateModified":"2022-08-24T15:31:53+00:00","breadcrumb":{"@id":"https:\/\/www.aibi.it\/lasciti-testamentari\/fare-testamento\/glossario\/#breadcrumb"},"inLanguage":"it-IT","potentialAction":[{"@type":"ReadAction","target":["https:\/\/www.aibi.it\/lasciti-testamentari\/fare-testamento\/glossario\/"]}]},{"@type":"BreadcrumbList","@id":"https:\/\/www.aibi.it\/lasciti-testamentari\/fare-testamento\/glossario\/#breadcrumb","itemListElement":[{"@type":"ListItem","position":1,"name":"Home","item":"https:\/\/www.aibi.it\/lasciti-testamentari\/"},{"@type":"ListItem","position":2,"name":"Come fare testamento","item":"https:\/\/www.aibi.it\/lasciti-testamentari\/fare-testamento\/"},{"@type":"ListItem","position":3,"name":"Glossario"}]},{"@type":"WebSite","@id":"https:\/\/www.aibi.it\/lasciti-testamentari\/#website","url":"https:\/\/www.aibi.it\/lasciti-testamentari\/","name":"Lasciti Testamentari e Solidali","description":"Fai un lascito Solidale ad Amici dei Bambini","potentialAction":[{"@type":"SearchAction","target":{"@type":"EntryPoint","urlTemplate":"https:\/\/www.aibi.it\/lasciti-testamentari\/?s={search_term_string}"},"query-input":"required name=search_term_string"}],"inLanguage":"it-IT"}]}},"_links":{"self":[{"href":"https:\/\/www.aibi.it\/lasciti-testamentari\/wp-json\/wp\/v2\/pages\/17"}],"collection":[{"href":"https:\/\/www.aibi.it\/lasciti-testamentari\/wp-json\/wp\/v2\/pages"}],"about":[{"href":"https:\/\/www.aibi.it\/lasciti-testamentari\/wp-json\/wp\/v2\/types\/page"}],"author":[{"embeddable":true,"href":"https:\/\/www.aibi.it\/lasciti-testamentari\/wp-json\/wp\/v2\/users\/3"}],"replies":[{"embeddable":true,"href":"https:\/\/www.aibi.it\/lasciti-testamentari\/wp-json\/wp\/v2\/comments?post=17"}],"version-history":[{"count":25,"href":"https:\/\/www.aibi.it\/lasciti-testamentari\/wp-json\/wp\/v2\/pages\/17\/revisions"}],"predecessor-version":[{"id":2201,"href":"https:\/\/www.aibi.it\/lasciti-testamentari\/wp-json\/wp\/v2\/pages\/17\/revisions\/2201"}],"up":[{"embeddable":true,"href":"https:\/\/www.aibi.it\/lasciti-testamentari\/wp-json\/wp\/v2\/pages\/29"}],"wp:attachment":[{"href":"https:\/\/www.aibi.it\/lasciti-testamentari\/wp-json\/wp\/v2\/media?parent=17"}],"curies":[{"name":"wp","href":"https:\/\/api.w.org\/{rel}","templated":true}]}}