{"id":29,"date":"2009-05-15T15:28:15","date_gmt":"2009-05-15T13:28:15","guid":{"rendered":"http:\/\/www.aibi.it\/lasciti-testamentari\/?page_id=29"},"modified":"2018-07-27T09:48:04","modified_gmt":"2018-07-27T07:48:04","slug":"fare-testamento","status":"publish","type":"page","link":"https:\/\/www.aibi.it\/lasciti-testamentari\/fare-testamento\/","title":{"rendered":"Come fare testamento"},"content":{"rendered":"[vc_row type=&#8221;in_container&#8221; full_screen_row_position=&#8221;middle&#8221; scene_position=&#8221;center&#8221; text_color=&#8221;dark&#8221; text_align=&#8221;left&#8221; overlay_strength=&#8221;0.3&#8243; shape_divider_position=&#8221;bottom&#8221;][vc_column boxed=&#8221;true&#8221; column_padding=&#8221;no-extra-padding&#8221; column_padding_position=&#8221;all&#8221; background_color_opacity=&#8221;1&#8243; background_hover_color_opacity=&#8221;1&#8243; column_shadow=&#8221;medium_depth&#8221; column_border_radius=&#8221;none&#8221; width=&#8221;1\/2&#8243; tablet_text_alignment=&#8221;default&#8221; phone_text_alignment=&#8221;default&#8221; column_border_width=&#8221;none&#8221; column_border_style=&#8221;solid&#8221;][vc_column_text]\n<h3>Come si fa testamento<\/h3>\n<p><strong>Fare testamento \u00e8 un atto di responsabilit\u00e0 e lungimiranza verso i propri cari <\/strong>e, in caso di loro assenza, di destinazione mirata dei propri beni, evitando problemi, equivoci e sprechi.<\/p>\n<p><strong>Fare testamento non \u00e8 difficile<\/strong>, occorre solo conoscere e seguire alcune prescrizioni indicate dalla legge per la sua formulazione, senza le quali potrebbe intervenire la nullit\u00e0 o l&#8217;annullamento del testamento.[\/vc_column_text][vc_column_text]\n<h3>Perch\u00e8 fare testamento?<\/h3>\n<p>Il testamento \u00e8 l&#8217;unico strumento per disporre del proprio patrimonio dopo la morte. In assenza di testamento tutti i beni del defunto vengono distribuiti ai parenti o, in assenza, allo Stato, secondo criteri fissati dalla legge.<\/p>\n<p>Con il testamento \u00e8 possibile destinare le proprie sostanze liberamente, con i soli limiti posti dalla legge a favore di alcune categorie di soggetti detti legittimari.[\/vc_column_text][vc_custom_heading text=&#8221;I diversi tipi di testamento<br \/>\nLa legge prevede varie forme di testamento; le pi\u00f9 significative sono: il testamento olografo, il testamento pubblico ed il testamento segreto. Per saperne di pi\u00f9 clicca qui&gt;&gt;&#8221; font_container=&#8221;tag:p|text_align:left|color:rgba(0%2C0%2C0%2C0.6)&#8221; use_theme_fonts=&#8221;yes&#8221;][nectar_btn size=&#8221;large&#8221; button_style=&#8221;see-through-2&#8243; hover_text_color_override=&#8221;#ffffff&#8221; icon_family=&#8221;none&#8221; url=&#8221;http:\/\/www.aibi.it\/lasciti-testamentari\/fare-testamento\/tipi-di-testamento\/&#8221; text=&#8221;I diversi tipi di testamento&#8221; margin_top=&#8221;30&#8243;][\/vc_column][vc_column column_padding=&#8221;no-extra-padding&#8221; column_padding_position=&#8221;all&#8221; background_color_opacity=&#8221;1&#8243; background_hover_color_opacity=&#8221;1&#8243; column_shadow=&#8221;none&#8221; column_border_radius=&#8221;none&#8221; width=&#8221;1\/2&#8243; tablet_text_alignment=&#8221;default&#8221; phone_text_alignment=&#8221;default&#8221; column_border_width=&#8221;none&#8221; column_border_style=&#8221;solid&#8221;][vc_custom_heading text=&#8221;Consigli Utili&#8221; use_theme_fonts=&#8221;yes&#8221;][nectar_icon_list animate=&#8221;true&#8221; color=&#8221;extra-color-gradient-1&#8243; icon_size=&#8221;large&#8221; icon_style=&#8221;border&#8221;][nectar_icon_list_item icon_type=&#8221;numerical&#8221; title=&#8221;List Item&#8221; id=&#8221;1532005317-1-99&#8243; tab_id=&#8221;1532005851315-6&#8243; header=&#8221;Meglio un testamento breve e semplice&#8221; text=&#8221;\u00c8 importante che il testamento sia il pi\u00f9 semplice e breve possibile e che si limiti a disposizioni patrimoniali. \u00c8 inopportuno in sede di testamento includere considerazioni di altro genere che possano indurre interpretazioni e dubbi.&#8221;] [\/nectar_icon_list_item][nectar_icon_list_item icon_type=&#8221;numerical&#8221; title=&#8221;List Item&#8221; id=&#8221;1532005317-2-92&#8243; tab_id=&#8221;1532005851359-5&#8243; header=&#8221;Motivare le proprie decisioni&#8221; text=&#8221;ed esprimere considerazioni, raccomandazioni, recriminazioni, confessioni, queste possono essere riportate in forma di lettera e comunicazione separata lasciando che non assuma valore di testamento.&#8221;] [\/nectar_icon_list_item][nectar_icon_list_item icon_type=&#8221;numerical&#8221; title=&#8221;List Item&#8221; id=&#8221;1532006162510-0-9&#8243; tab_id=&#8221;1532006162515-10&#8243; header=&#8221;Identificare con precisione&#8221; text=&#8221;Per quanto riguarda i beneficiari, siano essi eredi o legatari, \u00e8 importante che nel testamento siano identificati con precisione denominazione, indirizzo e qualunque indicazione che aiuti la loro identificazione&#8221;][\/nectar_icon_list_item][nectar_icon_list_item icon_type=&#8221;numerical&#8221; title=&#8221;List Item&#8221; id=&#8221;1532006250380-0-4&#8243; tab_id=&#8221;1532006250383-3&#8243; header=&#8221;indicare l\u2019Ente o Associazione beneficiarie, non usare espressioni generiche&#8221; text=&#8221;Se si vogliono beneficiare particolari categorie di persone (ammalati in genere, poveri, ecc.) \u00e8 indispensabile indicare l\u2019Ente o Associazione che li rappresenta o che se ne occupa. Se si usano espressioni del tipo \u201ca favore di bambini poveri\u201d senza indicazioni di enti di riferimento, la legge prevede che il lascito vada al Comune di residenza del testatore&#8221;][\/nectar_icon_list_item][nectar_icon_list_item icon_type=&#8221;numerical&#8221; title=&#8221;List Item&#8221; id=&#8221;1532006346591-0-4&#8243; tab_id=&#8221;1532006346593-9&#8243; header=&#8221;Nominare, nel testamento, un esecutore testamentario&#8221; text=&#8221;Per evitare il pi\u00f9 possibile controversie tra gli eredi \u00e8 opportuno nominare, nello stesso testamento, un esecutore testamentario, una persona di propria fiducia che, dando applicazione alle volont\u00e0 del testatore, amministri l\u2019eredit\u00e0, paghi i legati e i debiti, incassi i crediti, e consegni i beni agli eredi.&#8221;][\/nectar_icon_list_item][\/nectar_icon_list][\/vc_column][\/vc_row]\n","protected":false},"excerpt":{"rendered":"<p>[vc_row type=&#8221;in_container&#8221; full_screen_row_position=&#8221;middle&#8221; scene_position=&#8221;center&#8221; text_color=&#8221;dark&#8221; text_align=&#8221;left&#8221; overlay_strength=&#8221;0.3&#8243; shape_divider_position=&#8221;bottom&#8221;][vc_column boxed=&#8221;true&#8221; column_padding=&#8221;no-extra-padding&#8221; column_padding_position=&#8221;all&#8221; background_color_opacity=&#8221;1&#8243; background_hover_color_opacity=&#8221;1&#8243; column_shadow=&#8221;medium_depth&#8221; column_border_radius=&#8221;none&#8221; width=&#8221;1\/2&#8243; tablet_text_alignment=&#8221;default&#8221; phone_text_alignment=&#8221;default&#8221; column_border_width=&#8221;none&#8221; column_border_style=&#8221;solid&#8221;][vc_column_text] Come si fa testamento Fare testamento \u00e8 un atto di responsabilit\u00e0 e lungimiranza verso i propri cari e, in caso di loro assenza, di destinazione mirata dei propri beni, evitando problemi, equivoci e sprechi. Fare testamento non \u00e8 difficile, occorre&#8230;<\/p>\n","protected":false},"author":3,"featured_media":0,"parent":0,"menu_order":2,"comment_status":"closed","ping_status":"closed","template":"","meta":[],"yoast_head":"<!-- This site is optimized with the Yoast SEO plugin v21.1 - https:\/\/yoast.com\/wordpress\/plugins\/seo\/ -->\n<title>Come fare testamento - Lasciti Testamentari<\/title>\n<meta name=\"description\" content=\"Fare testamento \u00e8 un atto di responsabilit\u00e0 e lungimiranza verso i propri cari e, in caso di loro assenza, di destinazione mirata dei propri beni, evitando problemi, equivoci e sprechi.\" \/>\n<meta name=\"robots\" content=\"index, follow, max-snippet:-1, max-image-preview:large, max-video-preview:-1\" \/>\n<link rel=\"canonical\" href=\"https:\/\/www.aibi.it\/lasciti-testamentari\/fare-testamento\/\" \/>\n<meta property=\"og:locale\" content=\"it_IT\" \/>\n<meta property=\"og:type\" content=\"article\" \/>\n<meta property=\"og:title\" content=\"Come fare testamento - Lasciti Testamentari\" \/>\n<meta property=\"og:description\" content=\"Fare testamento \u00e8 un atto di responsabilit\u00e0 e lungimiranza verso i propri cari e, in caso di loro assenza, di destinazione mirata dei propri beni, evitando problemi, equivoci e sprechi.\" \/>\n<meta property=\"og:url\" content=\"https:\/\/www.aibi.it\/lasciti-testamentari\/fare-testamento\/\" \/>\n<meta property=\"og:site_name\" content=\"Lasciti Testamentari\" \/>\n<meta property=\"article:modified_time\" content=\"2018-07-27T07:48:04+00:00\" \/>\n<meta name=\"twitter:card\" content=\"summary_large_image\" \/>\n<meta name=\"twitter:label1\" content=\"Tempo di lettura stimato\" \/>\n\t<meta name=\"twitter:data1\" content=\"3 minuti\" \/>\n<script type=\"application\/ld+json\" class=\"yoast-schema-graph\">{\"@context\":\"https:\/\/schema.org\",\"@graph\":[{\"@type\":\"WebPage\",\"@id\":\"https:\/\/www.aibi.it\/lasciti-testamentari\/fare-testamento\/\",\"url\":\"https:\/\/www.aibi.it\/lasciti-testamentari\/fare-testamento\/\",\"name\":\"Come fare testamento - Lasciti Testamentari\",\"isPartOf\":{\"@id\":\"https:\/\/www.aibi.it\/lasciti-testamentari\/#website\"},\"datePublished\":\"2009-05-15T13:28:15+00:00\",\"dateModified\":\"2018-07-27T07:48:04+00:00\",\"description\":\"Fare testamento \u00e8 un atto di responsabilit\u00e0 e lungimiranza verso i propri cari e, in caso di loro assenza, di destinazione mirata dei propri beni, evitando problemi, equivoci e sprechi.\",\"breadcrumb\":{\"@id\":\"https:\/\/www.aibi.it\/lasciti-testamentari\/fare-testamento\/#breadcrumb\"},\"inLanguage\":\"it-IT\",\"potentialAction\":[{\"@type\":\"ReadAction\",\"target\":[\"https:\/\/www.aibi.it\/lasciti-testamentari\/fare-testamento\/\"]}]},{\"@type\":\"BreadcrumbList\",\"@id\":\"https:\/\/www.aibi.it\/lasciti-testamentari\/fare-testamento\/#breadcrumb\",\"itemListElement\":[{\"@type\":\"ListItem\",\"position\":1,\"name\":\"Home\",\"item\":\"https:\/\/www.aibi.it\/lasciti-testamentari\/\"},{\"@type\":\"ListItem\",\"position\":2,\"name\":\"Come fare testamento\"}]},{\"@type\":\"WebSite\",\"@id\":\"https:\/\/www.aibi.it\/lasciti-testamentari\/#website\",\"url\":\"https:\/\/www.aibi.it\/lasciti-testamentari\/\",\"name\":\"Lasciti Testamentari e Solidali\",\"description\":\"Fai un lascito Solidale ad Amici dei Bambini\",\"potentialAction\":[{\"@type\":\"SearchAction\",\"target\":{\"@type\":\"EntryPoint\",\"urlTemplate\":\"https:\/\/www.aibi.it\/lasciti-testamentari\/?s={search_term_string}\"},\"query-input\":\"required name=search_term_string\"}],\"inLanguage\":\"it-IT\"}]}<\/script>\n<!-- \/ Yoast SEO plugin. -->","yoast_head_json":{"title":"Come fare testamento - Lasciti Testamentari","description":"Fare testamento \u00e8 un atto di responsabilit\u00e0 e lungimiranza verso i propri cari e, in caso di loro assenza, di destinazione mirata dei propri beni, evitando problemi, equivoci e sprechi.","robots":{"index":"index","follow":"follow","max-snippet":"max-snippet:-1","max-image-preview":"max-image-preview:large","max-video-preview":"max-video-preview:-1"},"canonical":"https:\/\/www.aibi.it\/lasciti-testamentari\/fare-testamento\/","og_locale":"it_IT","og_type":"article","og_title":"Come fare testamento - Lasciti Testamentari","og_description":"Fare testamento \u00e8 un atto di responsabilit\u00e0 e lungimiranza verso i propri cari e, in caso di loro assenza, di destinazione mirata dei propri beni, evitando problemi, equivoci e sprechi.","og_url":"https:\/\/www.aibi.it\/lasciti-testamentari\/fare-testamento\/","og_site_name":"Lasciti Testamentari","article_modified_time":"2018-07-27T07:48:04+00:00","twitter_card":"summary_large_image","twitter_misc":{"Tempo di lettura stimato":"3 minuti"},"schema":{"@context":"https:\/\/schema.org","@graph":[{"@type":"WebPage","@id":"https:\/\/www.aibi.it\/lasciti-testamentari\/fare-testamento\/","url":"https:\/\/www.aibi.it\/lasciti-testamentari\/fare-testamento\/","name":"Come fare testamento - Lasciti Testamentari","isPartOf":{"@id":"https:\/\/www.aibi.it\/lasciti-testamentari\/#website"},"datePublished":"2009-05-15T13:28:15+00:00","dateModified":"2018-07-27T07:48:04+00:00","description":"Fare testamento \u00e8 un atto di responsabilit\u00e0 e lungimiranza verso i propri cari e, in caso di loro assenza, di destinazione mirata dei propri beni, evitando problemi, equivoci e sprechi.","breadcrumb":{"@id":"https:\/\/www.aibi.it\/lasciti-testamentari\/fare-testamento\/#breadcrumb"},"inLanguage":"it-IT","potentialAction":[{"@type":"ReadAction","target":["https:\/\/www.aibi.it\/lasciti-testamentari\/fare-testamento\/"]}]},{"@type":"BreadcrumbList","@id":"https:\/\/www.aibi.it\/lasciti-testamentari\/fare-testamento\/#breadcrumb","itemListElement":[{"@type":"ListItem","position":1,"name":"Home","item":"https:\/\/www.aibi.it\/lasciti-testamentari\/"},{"@type":"ListItem","position":2,"name":"Come fare testamento"}]},{"@type":"WebSite","@id":"https:\/\/www.aibi.it\/lasciti-testamentari\/#website","url":"https:\/\/www.aibi.it\/lasciti-testamentari\/","name":"Lasciti Testamentari e Solidali","description":"Fai un lascito Solidale ad Amici dei Bambini","potentialAction":[{"@type":"SearchAction","target":{"@type":"EntryPoint","urlTemplate":"https:\/\/www.aibi.it\/lasciti-testamentari\/?s={search_term_string}"},"query-input":"required name=search_term_string"}],"inLanguage":"it-IT"}]}},"_links":{"self":[{"href":"https:\/\/www.aibi.it\/lasciti-testamentari\/wp-json\/wp\/v2\/pages\/29"}],"collection":[{"href":"https:\/\/www.aibi.it\/lasciti-testamentari\/wp-json\/wp\/v2\/pages"}],"about":[{"href":"https:\/\/www.aibi.it\/lasciti-testamentari\/wp-json\/wp\/v2\/types\/page"}],"author":[{"embeddable":true,"href":"https:\/\/www.aibi.it\/lasciti-testamentari\/wp-json\/wp\/v2\/users\/3"}],"replies":[{"embeddable":true,"href":"https:\/\/www.aibi.it\/lasciti-testamentari\/wp-json\/wp\/v2\/comments?post=29"}],"version-history":[{"count":38,"href":"https:\/\/www.aibi.it\/lasciti-testamentari\/wp-json\/wp\/v2\/pages\/29\/revisions"}],"predecessor-version":[{"id":1714,"href":"https:\/\/www.aibi.it\/lasciti-testamentari\/wp-json\/wp\/v2\/pages\/29\/revisions\/1714"}],"wp:attachment":[{"href":"https:\/\/www.aibi.it\/lasciti-testamentari\/wp-json\/wp\/v2\/media?parent=29"}],"curies":[{"name":"wp","href":"https:\/\/api.w.org\/{rel}","templated":true}]}}