{"id":32,"date":"2009-05-15T15:29:03","date_gmt":"2009-05-15T13:29:03","guid":{"rendered":"http:\/\/www.aibi.it\/lasciti-testamentari\/?page_id=32"},"modified":"2022-08-24T17:29:38","modified_gmt":"2022-08-24T15:29:38","slug":"altre-forme-di-sostegno","status":"publish","type":"page","link":"https:\/\/www.aibi.it\/lasciti-testamentari\/altre-forme-di-sostegno\/","title":{"rendered":"Altre forme di sostegno"},"content":{"rendered":"[vc_row type=&#8221;in_container&#8221; full_screen_row_position=&#8221;middle&#8221; scene_position=&#8221;center&#8221; text_color=&#8221;dark&#8221; text_align=&#8221;left&#8221; overlay_strength=&#8221;0.3&#8243; shape_divider_position=&#8221;bottom&#8221;][vc_column column_padding=&#8221;no-extra-padding&#8221; column_padding_position=&#8221;all&#8221; background_color_opacity=&#8221;1&#8243; background_hover_color_opacity=&#8221;1&#8243; column_shadow=&#8221;none&#8221; column_border_radius=&#8221;none&#8221; width=&#8221;1\/1&#8243; tablet_text_alignment=&#8221;default&#8221; phone_text_alignment=&#8221;default&#8221; column_border_width=&#8221;none&#8221; column_border_style=&#8221;solid&#8221;][vc_column_text]\n<h3>Aiutare Ai.Bi. con altre forme di sostegno<\/h3>\n<p><strong>Ci sono tanti altri modi di sostenere Ai.Bi.<\/strong> con modalit\u00e0 diverse dal lascito testamentario.<\/p>\n<p><strong>I<\/strong><strong>n questa sezione puoi trovare maggiori informazioni<\/strong> su alcune possibili soluzioni.[\/vc_column_text]<div class=\"toggles \" data-style=\"default\"><div class=\"toggle extra-color-2\"><h3><a href=\"#\"><i class=\"icon-plus-sign\"><\/i>Donazione in memoria<\/a><\/h3><div>[vc_column_text]\n<h3>Donazione in memoria<\/h3>\n<p>Ai.Bi. ti aiuta a ricordare persone vicine venute a mancare.<\/p>\n<p>Fai una donazione in memoria, mantieni vivo il ricordo di una persona amata con un gesto di solidariet\u00e0: <strong>aiuta un bambino a trovare l&#8217;affetto di una famiglia.<\/strong><\/p>\n<p><strong>Con una donazione in memoria ad Ai.Bi.<\/strong> la nostra associazione s&#8217;impegner\u00e0 ad inviare una comunicazione ai familiari e conoscenti da te indicati.<\/p>\n<p><strong>Attraverso una donazione in memoria puoi sostenere anche una specifica attivit\u00e0 <\/strong>nell&#8217;ambito dei nostri progetti.\u00a0 Ai.Bi.\u00a0 s&#8217;impegna a dare visibilit\u00e0 al contributo ricevuto ricordando la persona nelle modalit\u00e0 concordate con i propri cari.<\/p>\n<h3>Come effettuare una donazione in memoria?<\/h3>\n<p><strong>Basta indicare il nome del beneficiario <\/strong>a cui desideri<strong> dedicare la donazione in memoria<\/strong> nella causale di versamento.<\/p>\n<ul>\n<li><strong>On line<\/strong>,<strong> <a title=\"Donazione libera\" href=\"https:\/\/www.aibi.it\/ita\/sostieni-aibi\/donazione-libera\/dona-on-line\/\">clicca qui<\/a><\/strong> indicando nella nota della causale:<strong> donazione in memoria di&#8230;<\/strong><\/li>\n<li><strong>Alle poste: <\/strong>con il <strong>c.c. postale <\/strong>n. 3012 intestato ad Amici dei Bambini<br \/>\ncausale: <strong>donazione in memoria di&#8230;<\/strong><\/li>\n<li><strong>Al telefono: <\/strong>con la carta di credito chiamando il numero 02988221<br \/>\ncausale: <strong>donazione in memoria di&#8230;<\/strong><\/li>\n<li><strong>In banca: <\/strong>con bonifico c\/o INTESA SAN PAOLO su c\/c intestato a Ai.Bi. Associazione Amici dei Bambini<br \/>\nIBAN <strong>IT40 Z030 6909 6061 0000 0122 477<\/strong><br \/>\ncausale: <strong>donazione in memoria di&#8230;<\/strong><\/li>\n<\/ul>\n[\/vc_column_text]<\/div><\/div><div class=\"toggle default\"><h3><a href=\"#\"><i class=\"icon-plus-sign\"><\/i>Polizza vita<\/a><\/h3><div>[vc_column_text]\n<h3>Polizza vita<\/h3>\n<p><strong>La stipula di una polizza vita <\/strong>con l&#8217;indicazione del beneficiario in caso di morte \u00e8 <strong>una modalit\u00e0 sempre pi\u00f9 utilizzata <\/strong>per beneficiare enti o persone di una specifica somma.<\/p>\n<p><strong>Il Titolare della polizza che desidera beneficiare Ai.Bi.<\/strong> pu\u00f2 esprimere questa volont\u00e0 al momento in cui sottoscrive la polizza o pu\u00f2 farlo anche successivamente comunicando la propria volont\u00e0 alla Compagnia di Assicurazione in modo che venga espressa sulla polizza stessa. In alternativa pu\u00f2 dichiarare questa sua volont\u00e0 nel suo testamento.<\/p>\n<p><strong>L&#8217;importo maturato con il decesso dell&#8217;intestatario della polizza<\/strong> v\u00e0 a beneficio di chi \u00e8 indicato all&#8217;atto di stipula e non \u00e8 parte del patrimonio ereditario; di conseguenza non sono applicabili le norme relative alle quote di riserva.<\/p>\n<p><strong>Il titolare pu\u00f2 stabilire chi ne beneficer\u00e0 in caso di morte<\/strong>, scegliendo persone o enti senza alcun vincolo nei confronti degli eredi legittimari che hanno diritto a una quota del proprio patrimonio. Eventuali\u00a0lesioni delle quote di\u00a0riserva possono\u00a0 essere riconducili ai soli premi versati dalla stipula al decesso e non all&#8217;ammontare della liquidazione della polizza.<\/p>\n<p><strong>L&#8217;assicurazione sulla vita \u00e8 una forma estremamente interessante per la sua semplicit\u00e0<\/strong> e per i vantaggi insiti che sono appunto oltre a quanto richiamato in riferimento alle quote di riserva previste dal nostro Codice Civile anche all&#8217;assenza di specifici adempimenti non trattandosi di una successione e al vantaggio fiscale determinato dalla detraibilit\u00e0 in occasione della propria dichiarazione di redditi di cui godono i premi di volta in volta pagati.<\/p>\n<p><strong>L&#8217;indicazione del beneficiario nella polizza pu\u00f2 essere cambiata in qualunque momento: <\/strong>basta comunicare l&#8217;intenzione all&#8217;Assicuratore che provveder\u00e0 ad approvarla ed annotarla. Questo cambiamento potr\u00e0 essere parte di una disposizioni testamentaria.[\/vc_column_text]<\/div><\/div><div class=\"toggle extra-color-1\"><h3><a href=\"#\"><i class=\"icon-plus-sign\"><\/i>Trattamento di fine rapporto<\/a><\/h3><div>[vc_column_text]\n<h3>Trattamento di fine rapporto<\/h3>\n<p><strong>Un lavoratore dipendente<\/strong>, in assenza di coniuge o soggetto unito civilmente, figli e parenti entro il terzo grado pu\u00f2 disporre per testamento della propria indennit\u00e0 di preavviso e di fine rapporto a favore di persone, enti, associazioni o fondazioni.<\/p>\n<p><strong>Tutti i trasferimenti di beni e diritti per causa morte o per donazione<\/strong> sono soggetti all&#8217;imposta di successione e donazione. Le aliquote da applicare alla base imponibile si differenziano in base al grado di parentela degli eredi.[\/vc_column_text]<\/div><\/div><\/div>[\/vc_column][\/vc_row]\n","protected":false},"excerpt":{"rendered":"<p>[vc_row type=&#8221;in_container&#8221; full_screen_row_position=&#8221;middle&#8221; scene_position=&#8221;center&#8221; text_color=&#8221;dark&#8221; text_align=&#8221;left&#8221; overlay_strength=&#8221;0.3&#8243; shape_divider_position=&#8221;bottom&#8221;][vc_column column_padding=&#8221;no-extra-padding&#8221; column_padding_position=&#8221;all&#8221; background_color_opacity=&#8221;1&#8243; background_hover_color_opacity=&#8221;1&#8243; column_shadow=&#8221;none&#8221; column_border_radius=&#8221;none&#8221; width=&#8221;1\/1&#8243; tablet_text_alignment=&#8221;default&#8221; phone_text_alignment=&#8221;default&#8221; column_border_width=&#8221;none&#8221; column_border_style=&#8221;solid&#8221;][vc_column_text] Aiutare Ai.Bi. con altre forme di sostegno Ci sono tanti altri modi di sostenere Ai.Bi. con modalit\u00e0 diverse dal lascito testamentario. In questa sezione puoi trovare maggiori informazioni su alcune possibili soluzioni.[\/vc_column_text][\/vc_column][\/vc_row]<\/p>\n","protected":false},"author":3,"featured_media":0,"parent":0,"menu_order":5,"comment_status":"closed","ping_status":"closed","template":"","meta":[],"yoast_head":"<!-- This site is optimized with the Yoast SEO plugin v21.1 - https:\/\/yoast.com\/wordpress\/plugins\/seo\/ -->\n<title>Altre forme di sostegno - Lasciti Testamentari<\/title>\n<meta name=\"robots\" content=\"index, follow, max-snippet:-1, max-image-preview:large, max-video-preview:-1\" \/>\n<link rel=\"canonical\" href=\"https:\/\/www.aibi.it\/lasciti-testamentari\/altre-forme-di-sostegno\/\" \/>\n<meta property=\"og:locale\" content=\"it_IT\" \/>\n<meta property=\"og:type\" content=\"article\" \/>\n<meta property=\"og:title\" content=\"Altre forme di sostegno - Lasciti Testamentari\" \/>\n<meta property=\"og:description\" content=\"[vc_row type=&#8221;in_container&#8221; full_screen_row_position=&#8221;middle&#8221; scene_position=&#8221;center&#8221; text_color=&#8221;dark&#8221; text_align=&#8221;left&#8221; overlay_strength=&#8221;0.3&#8243; shape_divider_position=&#8221;bottom&#8221;][vc_column column_padding=&#8221;no-extra-padding&#8221; column_padding_position=&#8221;all&#8221; background_color_opacity=&#8221;1&#8243; background_hover_color_opacity=&#8221;1&#8243; column_shadow=&#8221;none&#8221; column_border_radius=&#8221;none&#8221; width=&#8221;1\/1&#8243; tablet_text_alignment=&#8221;default&#8221; phone_text_alignment=&#8221;default&#8221; column_border_width=&#8221;none&#8221; column_border_style=&#8221;solid&#8221;][vc_column_text] Aiutare Ai.Bi. con altre forme di sostegno Ci sono tanti altri modi di sostenere Ai.Bi. con modalit\u00e0 diverse dal lascito testamentario. In questa sezione puoi trovare maggiori informazioni su alcune possibili soluzioni.[\/vc_column_text][\/vc_column][\/vc_row]\" \/>\n<meta property=\"og:url\" content=\"https:\/\/www.aibi.it\/lasciti-testamentari\/altre-forme-di-sostegno\/\" \/>\n<meta property=\"og:site_name\" content=\"Lasciti Testamentari\" \/>\n<meta property=\"article:modified_time\" content=\"2022-08-24T15:29:38+00:00\" \/>\n<meta name=\"twitter:card\" content=\"summary_large_image\" \/>\n<meta name=\"twitter:label1\" content=\"Tempo di lettura stimato\" \/>\n\t<meta name=\"twitter:data1\" content=\"4 minuti\" \/>\n<script type=\"application\/ld+json\" class=\"yoast-schema-graph\">{\"@context\":\"https:\/\/schema.org\",\"@graph\":[{\"@type\":\"WebPage\",\"@id\":\"https:\/\/www.aibi.it\/lasciti-testamentari\/altre-forme-di-sostegno\/\",\"url\":\"https:\/\/www.aibi.it\/lasciti-testamentari\/altre-forme-di-sostegno\/\",\"name\":\"Altre forme di sostegno - Lasciti Testamentari\",\"isPartOf\":{\"@id\":\"https:\/\/www.aibi.it\/lasciti-testamentari\/#website\"},\"datePublished\":\"2009-05-15T13:29:03+00:00\",\"dateModified\":\"2022-08-24T15:29:38+00:00\",\"breadcrumb\":{\"@id\":\"https:\/\/www.aibi.it\/lasciti-testamentari\/altre-forme-di-sostegno\/#breadcrumb\"},\"inLanguage\":\"it-IT\",\"potentialAction\":[{\"@type\":\"ReadAction\",\"target\":[\"https:\/\/www.aibi.it\/lasciti-testamentari\/altre-forme-di-sostegno\/\"]}]},{\"@type\":\"BreadcrumbList\",\"@id\":\"https:\/\/www.aibi.it\/lasciti-testamentari\/altre-forme-di-sostegno\/#breadcrumb\",\"itemListElement\":[{\"@type\":\"ListItem\",\"position\":1,\"name\":\"Home\",\"item\":\"https:\/\/www.aibi.it\/lasciti-testamentari\/\"},{\"@type\":\"ListItem\",\"position\":2,\"name\":\"Altre forme di sostegno\"}]},{\"@type\":\"WebSite\",\"@id\":\"https:\/\/www.aibi.it\/lasciti-testamentari\/#website\",\"url\":\"https:\/\/www.aibi.it\/lasciti-testamentari\/\",\"name\":\"Lasciti Testamentari e Solidali\",\"description\":\"Fai un lascito Solidale ad Amici dei Bambini\",\"potentialAction\":[{\"@type\":\"SearchAction\",\"target\":{\"@type\":\"EntryPoint\",\"urlTemplate\":\"https:\/\/www.aibi.it\/lasciti-testamentari\/?s={search_term_string}\"},\"query-input\":\"required name=search_term_string\"}],\"inLanguage\":\"it-IT\"}]}<\/script>\n<!-- \/ Yoast SEO plugin. -->","yoast_head_json":{"title":"Altre forme di sostegno - Lasciti Testamentari","robots":{"index":"index","follow":"follow","max-snippet":"max-snippet:-1","max-image-preview":"max-image-preview:large","max-video-preview":"max-video-preview:-1"},"canonical":"https:\/\/www.aibi.it\/lasciti-testamentari\/altre-forme-di-sostegno\/","og_locale":"it_IT","og_type":"article","og_title":"Altre forme di sostegno - Lasciti Testamentari","og_description":"[vc_row type=&#8221;in_container&#8221; full_screen_row_position=&#8221;middle&#8221; scene_position=&#8221;center&#8221; text_color=&#8221;dark&#8221; text_align=&#8221;left&#8221; overlay_strength=&#8221;0.3&#8243; shape_divider_position=&#8221;bottom&#8221;][vc_column column_padding=&#8221;no-extra-padding&#8221; column_padding_position=&#8221;all&#8221; background_color_opacity=&#8221;1&#8243; background_hover_color_opacity=&#8221;1&#8243; column_shadow=&#8221;none&#8221; column_border_radius=&#8221;none&#8221; width=&#8221;1\/1&#8243; tablet_text_alignment=&#8221;default&#8221; phone_text_alignment=&#8221;default&#8221; column_border_width=&#8221;none&#8221; column_border_style=&#8221;solid&#8221;][vc_column_text] Aiutare Ai.Bi. con altre forme di sostegno Ci sono tanti altri modi di sostenere Ai.Bi. con modalit\u00e0 diverse dal lascito testamentario. In questa sezione puoi trovare maggiori informazioni su alcune possibili soluzioni.[\/vc_column_text][\/vc_column][\/vc_row]","og_url":"https:\/\/www.aibi.it\/lasciti-testamentari\/altre-forme-di-sostegno\/","og_site_name":"Lasciti Testamentari","article_modified_time":"2022-08-24T15:29:38+00:00","twitter_card":"summary_large_image","twitter_misc":{"Tempo di lettura stimato":"4 minuti"},"schema":{"@context":"https:\/\/schema.org","@graph":[{"@type":"WebPage","@id":"https:\/\/www.aibi.it\/lasciti-testamentari\/altre-forme-di-sostegno\/","url":"https:\/\/www.aibi.it\/lasciti-testamentari\/altre-forme-di-sostegno\/","name":"Altre forme di sostegno - Lasciti Testamentari","isPartOf":{"@id":"https:\/\/www.aibi.it\/lasciti-testamentari\/#website"},"datePublished":"2009-05-15T13:29:03+00:00","dateModified":"2022-08-24T15:29:38+00:00","breadcrumb":{"@id":"https:\/\/www.aibi.it\/lasciti-testamentari\/altre-forme-di-sostegno\/#breadcrumb"},"inLanguage":"it-IT","potentialAction":[{"@type":"ReadAction","target":["https:\/\/www.aibi.it\/lasciti-testamentari\/altre-forme-di-sostegno\/"]}]},{"@type":"BreadcrumbList","@id":"https:\/\/www.aibi.it\/lasciti-testamentari\/altre-forme-di-sostegno\/#breadcrumb","itemListElement":[{"@type":"ListItem","position":1,"name":"Home","item":"https:\/\/www.aibi.it\/lasciti-testamentari\/"},{"@type":"ListItem","position":2,"name":"Altre forme di sostegno"}]},{"@type":"WebSite","@id":"https:\/\/www.aibi.it\/lasciti-testamentari\/#website","url":"https:\/\/www.aibi.it\/lasciti-testamentari\/","name":"Lasciti Testamentari e Solidali","description":"Fai un lascito Solidale ad Amici dei Bambini","potentialAction":[{"@type":"SearchAction","target":{"@type":"EntryPoint","urlTemplate":"https:\/\/www.aibi.it\/lasciti-testamentari\/?s={search_term_string}"},"query-input":"required name=search_term_string"}],"inLanguage":"it-IT"}]}},"_links":{"self":[{"href":"https:\/\/www.aibi.it\/lasciti-testamentari\/wp-json\/wp\/v2\/pages\/32"}],"collection":[{"href":"https:\/\/www.aibi.it\/lasciti-testamentari\/wp-json\/wp\/v2\/pages"}],"about":[{"href":"https:\/\/www.aibi.it\/lasciti-testamentari\/wp-json\/wp\/v2\/types\/page"}],"author":[{"embeddable":true,"href":"https:\/\/www.aibi.it\/lasciti-testamentari\/wp-json\/wp\/v2\/users\/3"}],"replies":[{"embeddable":true,"href":"https:\/\/www.aibi.it\/lasciti-testamentari\/wp-json\/wp\/v2\/comments?post=32"}],"version-history":[{"count":31,"href":"https:\/\/www.aibi.it\/lasciti-testamentari\/wp-json\/wp\/v2\/pages\/32\/revisions"}],"predecessor-version":[{"id":2198,"href":"https:\/\/www.aibi.it\/lasciti-testamentari\/wp-json\/wp\/v2\/pages\/32\/revisions\/2198"}],"wp:attachment":[{"href":"https:\/\/www.aibi.it\/lasciti-testamentari\/wp-json\/wp\/v2\/media?parent=32"}],"curies":[{"name":"wp","href":"https:\/\/api.w.org\/{rel}","templated":true}]}}