{"id":60,"date":"2009-05-18T12:47:52","date_gmt":"2009-05-18T10:47:52","guid":{"rendered":"http:\/\/www.aibi.it\/lasciti-testamentari\/?page_id=60"},"modified":"2022-08-24T17:28:33","modified_gmt":"2022-08-24T15:28:33","slug":"la-suddivisione-del-patrimonio","status":"publish","type":"page","link":"https:\/\/www.aibi.it\/lasciti-testamentari\/fare-testamento\/la-suddivisione-del-patrimonio\/","title":{"rendered":"Suddivisione patrimonio"},"content":{"rendered":"[vc_row type=&#8221;in_container&#8221; full_screen_row_position=&#8221;middle&#8221; scene_position=&#8221;center&#8221; text_color=&#8221;dark&#8221; text_align=&#8221;left&#8221; overlay_strength=&#8221;0.3&#8243; shape_divider_position=&#8221;bottom&#8221;][vc_column boxed=&#8221;true&#8221; column_padding=&#8221;no-extra-padding&#8221; column_padding_position=&#8221;all&#8221; background_color_opacity=&#8221;1&#8243; background_hover_color_opacity=&#8221;1&#8243; column_shadow=&#8221;medium_depth&#8221; column_border_radius=&#8221;none&#8221; width=&#8221;1\/3&#8243; tablet_text_alignment=&#8221;default&#8221; phone_text_alignment=&#8221;default&#8221; column_border_width=&#8221;none&#8221; column_border_style=&#8221;solid&#8221;][vc_column_text]\n<h3>La ripartizione delle quote del testamento<\/h3>\n<p><strong>Un aspetto molto importante legato al testamento<\/strong>,\u00a0 riguarda il rapporto tra la quota di patrimonio che il testatore pu\u00f2 conferire liberamente in eredit\u00e0 e quella che deve necessariamente riservare, per legge, ad alcune categorie di soggetti detti legittimari.<\/p>\n<p><strong> La quota di patrimonio spettante ai legittimari \u00e8 definita quota di legittima:<\/strong> spetta al coniuge, ai figli e, in caso di assenza di questi ultimi, agli ascendenti, secondo delle proporzioni dipendenti dal numero degli stessi legittimari.[\/vc_column_text][\/vc_column][vc_column column_padding=&#8221;no-extra-padding&#8221; column_padding_position=&#8221;all&#8221; background_color_opacity=&#8221;1&#8243; background_hover_color_opacity=&#8221;1&#8243; column_shadow=&#8221;none&#8221; column_border_radius=&#8221;none&#8221; width=&#8221;2\/3&#8243; tablet_text_alignment=&#8221;default&#8221; phone_text_alignment=&#8221;default&#8221; column_border_width=&#8221;none&#8221; column_border_style=&#8221;solid&#8221;][vc_column_text]\n<h3>Le varie\u00a0 possibilit\u00e0 di ripartizione:<\/h3>\n[\/vc_column_text]<div class=\"toggles \" data-style=\"default\"><div class=\"toggle default\"><h3><a href=\"#\"><i class=\"icon-plus-sign\"><\/i>Coniuge o soggetto unito civilmente<\/a><\/h3><div>[vc_column_text]Al coniuge o soggetto unito civilmente \u00e8 riservata la met\u00e0 del patrimonio oltre i diritti di abitazione sulla casa adibita a residenza familiare e i diritti d&#8217;uso sui mobili che l&#8217;arredano.<\/p>\n<table border=\"0\" width=\"640\" cellpadding=\"0\">\n<tbody>\n<tr>\n<td colspan=\"3\" bgcolor=\"#cccccc\">\n<div><strong>In caso di presenza del solo coniuge<\/strong><\/div>\n<\/td>\n<\/tr>\n<tr>\n<td bgcolor=\"#e8e8e8\" width=\"256\">\n<div>1\/2 riserva del coniuge<\/div>\n<\/td>\n<td bgcolor=\"#ff9900\" width=\"256\">\n<div>1\/2 disponibile<\/div>\n<\/td>\n<td width=\"120\">\n<div>diritto di abitazione<\/div>\n<\/td>\n<\/tr>\n<\/tbody>\n<\/table>\n[\/vc_column_text]<\/div><\/div><div class=\"toggle default\"><h3><a href=\"#\"><i class=\"icon-plus-sign\"><\/i>Figli<\/a><\/h3><div>[vc_column_text]Ai figli \u00e8 riservata la met\u00e0 del patrimonio nel caso di un solo figlio e i 2\/3\u00a0 in caso di pi\u00f9 figli.<\/p>\n<table border=\"0\" width=\"640\" cellpadding=\"0\">\n<tbody>\n<tr>\n<td colspan=\"2\" bgcolor=\"#cccccc\">\n<div><strong>In caso di presenza di un solo figlio<\/strong><\/div>\n<\/td>\n<\/tr>\n<tr>\n<td bgcolor=\"#e8e8e8\" width=\"317\">\n<div>1\/2 riserva del figlio<\/div>\n<\/td>\n<td bgcolor=\"#ff9900\" width=\"317\">\n<div>1\/2 disponibile<\/div>\n<\/td>\n<\/tr>\n<\/tbody>\n<\/table>\n<table border=\"0\" width=\"640\" cellpadding=\"0\">\n<tbody>\n<tr>\n<td colspan=\"2\" bgcolor=\"#cccccc\">\n<div><strong>In caso di pi\u00f9 figli<\/strong><\/div>\n<\/td>\n<\/tr>\n<tr>\n<td bgcolor=\"#e8e8e8\">\n<div>2\/3 riserva dei figli<\/div>\n<\/td>\n<td bgcolor=\"#ff9900\">\n<div>1\/3 disponibile<\/div>\n<\/td>\n<\/tr>\n<\/tbody>\n<\/table>\n[\/vc_column_text]<\/div><\/div><div class=\"toggle default\"><h3><a href=\"#\"><i class=\"icon-plus-sign\"><\/i>Ascendenti<\/a><\/h3><div>[vc_column_text]In caso di presenza di uno o due genitori, agli ascendenti \u00e8 riservato 1\\3 del patrimonio.<\/p>\n<table border=\"0\" width=\"640\" cellpadding=\"0\">\n<tbody>\n<tr>\n<td colspan=\"2\" bgcolor=\"#cccccc\">\n<div><strong>In caso di presenza di uno o due genitori (ascendenti)<\/strong><\/div>\n<\/td>\n<\/tr>\n<tr>\n<td bgcolor=\"#e8e8e8\" width=\"213\">\n<div>1\/3 riserva ascendenti<\/div>\n<\/td>\n<td bgcolor=\"#ff9900\" width=\"421\">\n<div>2\/3 disponibile<\/div>\n<\/td>\n<\/tr>\n<\/tbody>\n<\/table>\n[\/vc_column_text]<\/div><\/div><div class=\"toggle default\"><h3><a href=\"#\"><i class=\"icon-plus-sign\"><\/i>Concorso tra pi\u00f9 soggetti<\/a><\/h3><div>[vc_column_text]In caso di concorso tra pi\u00f9 soggetti le quote riservate variano a seconda degli attori coinvolti:<\/p>\n<table border=\"0\" width=\"640\" cellpadding=\"0\">\n<tbody>\n<tr>\n<td colspan=\"4\" bgcolor=\"#cccccc\">\n<div><strong>In caso di presenza del coniuge e di ascendenti<\/strong><\/div>\n<\/td>\n<\/tr>\n<tr>\n<td bgcolor=\"#e8e8e8\" width=\"228\">\n<div>1\/2 riserva del coniuge<\/div>\n<\/td>\n<td bgcolor=\"#e8e8e8\" width=\"141\">\n<div>1\/4 ascendente<\/div>\n<\/td>\n<td bgcolor=\"#ff9900\" width=\"141\">\n<div>1\/4 disponibile<\/div>\n<\/td>\n<td bgcolor=\"#ffffff\" width=\"120\">\n<div>diritto di abitazione<\/div>\n<\/td>\n<\/tr>\n<\/tbody>\n<\/table>\n<table border=\"0\" width=\"640\" cellpadding=\"0\">\n<tbody>\n<tr>\n<td colspan=\"4\" bgcolor=\"#cccccc\">\n<div><strong>In caso di presenza del coniuge e di pi\u00f9 figli<\/strong><\/div>\n<\/td>\n<\/tr>\n<tr>\n<td bgcolor=\"#e8e8e8\" width=\"228\">\n<div>1\/2 riserva dei figli<\/div>\n<\/td>\n<td bgcolor=\"#e8e8e8\" width=\"141\">\n<div>1\/4 coniuge<\/div>\n<\/td>\n<td bgcolor=\"#ff9900\" width=\"141\">\n<div>1\/4 disponibile<\/div>\n<\/td>\n<td bgcolor=\"#ffffff\" width=\"120\">\n<div>diritto di abitazione<\/div>\n<\/td>\n<\/tr>\n<\/tbody>\n<\/table>\n<table border=\"0\" width=\"640\" cellpadding=\"0\">\n<tbody>\n<tr>\n<td colspan=\"4\" bgcolor=\"#cccccc\">\n<div><strong>In caso di coniuge e di un solo figli<\/strong>o<\/div>\n<\/td>\n<\/tr>\n<tr>\n<td bgcolor=\"#e8e8e8\" width=\"228\">\n<div>1\/3 riserva figlio<\/div>\n<\/td>\n<td bgcolor=\"#e8e8e8\" width=\"141\">\n<div>1\/3 riserva coniuge<\/div>\n<\/td>\n<td bgcolor=\"#ff9900\" width=\"141\">\n<div>1\/3 disponibile<\/div>\n<\/td>\n<td bgcolor=\"#ffffff\" width=\"120\">\n<div>diritto di abitazione<\/div>\n<\/td>\n<\/tr>\n<\/tbody>\n<\/table>\n<p><strong>Al fine di determinare l&#8217;effettiva quota complessiva <\/strong>da lasciare in eredit\u00e0 \u00e8 necessario sommare i valori di tutti i beni posseduti donati in vita,\u00a0 detrarre eventuali debiti e applicare criteri di legge relativi ai legittimari.<\/p>\n<p><strong>Nel caso in cui i legittimari facciano ricorso per una presunta violazione di legittima,<\/strong> sar\u00e0 il tribunale ad accertare la validit\u00e0 del testamento. Il ricorso pu\u00f2 essere presentato entro i dieci anni dal decesso di chi ha fatto testamento.[\/vc_column_text]<\/div><\/div><\/div>[\/vc_column][\/vc_row]\n","protected":false},"excerpt":{"rendered":"<p>[vc_row type=&#8221;in_container&#8221; full_screen_row_position=&#8221;middle&#8221; scene_position=&#8221;center&#8221; text_color=&#8221;dark&#8221; text_align=&#8221;left&#8221; overlay_strength=&#8221;0.3&#8243; shape_divider_position=&#8221;bottom&#8221;][vc_column boxed=&#8221;true&#8221; column_padding=&#8221;no-extra-padding&#8221; column_padding_position=&#8221;all&#8221; background_color_opacity=&#8221;1&#8243; background_hover_color_opacity=&#8221;1&#8243; column_shadow=&#8221;medium_depth&#8221; column_border_radius=&#8221;none&#8221; width=&#8221;1\/3&#8243; tablet_text_alignment=&#8221;default&#8221; phone_text_alignment=&#8221;default&#8221; column_border_width=&#8221;none&#8221; column_border_style=&#8221;solid&#8221;][vc_column_text] La ripartizione delle quote del testamento Un aspetto molto importante legato al testamento,\u00a0 riguarda il rapporto tra la quota di patrimonio che il testatore pu\u00f2 conferire liberamente in eredit\u00e0 e quella che deve necessariamente riservare, per legge, ad alcune categorie&#8230;<\/p>\n","protected":false},"author":3,"featured_media":0,"parent":29,"menu_order":2,"comment_status":"closed","ping_status":"open","template":"","meta":[],"yoast_head":"<!-- This site is optimized with the Yoast SEO plugin v21.1 - https:\/\/yoast.com\/wordpress\/plugins\/seo\/ -->\n<title>Suddivisione patrimonio - Lasciti Testamentari<\/title>\n<meta name=\"robots\" content=\"index, follow, max-snippet:-1, max-image-preview:large, max-video-preview:-1\" \/>\n<link rel=\"canonical\" href=\"https:\/\/www.aibi.it\/lasciti-testamentari\/fare-testamento\/la-suddivisione-del-patrimonio\/\" \/>\n<meta property=\"og:locale\" content=\"it_IT\" \/>\n<meta property=\"og:type\" content=\"article\" \/>\n<meta property=\"og:title\" content=\"Suddivisione patrimonio - Lasciti Testamentari\" \/>\n<meta property=\"og:description\" content=\"[vc_row type=&#8221;in_container&#8221; full_screen_row_position=&#8221;middle&#8221; scene_position=&#8221;center&#8221; text_color=&#8221;dark&#8221; text_align=&#8221;left&#8221; overlay_strength=&#8221;0.3&#8243; shape_divider_position=&#8221;bottom&#8221;][vc_column boxed=&#8221;true&#8221; column_padding=&#8221;no-extra-padding&#8221; column_padding_position=&#8221;all&#8221; background_color_opacity=&#8221;1&#8243; background_hover_color_opacity=&#8221;1&#8243; column_shadow=&#8221;medium_depth&#8221; column_border_radius=&#8221;none&#8221; width=&#8221;1\/3&#8243; tablet_text_alignment=&#8221;default&#8221; phone_text_alignment=&#8221;default&#8221; column_border_width=&#8221;none&#8221; column_border_style=&#8221;solid&#8221;][vc_column_text] La ripartizione delle quote del testamento Un aspetto molto importante legato al testamento,\u00a0 riguarda il rapporto tra la quota di patrimonio che il testatore pu\u00f2 conferire liberamente in eredit\u00e0 e quella che deve necessariamente riservare, per legge, ad alcune categorie...\" \/>\n<meta property=\"og:url\" content=\"https:\/\/www.aibi.it\/lasciti-testamentari\/fare-testamento\/la-suddivisione-del-patrimonio\/\" \/>\n<meta property=\"og:site_name\" content=\"Lasciti Testamentari\" \/>\n<meta property=\"article:modified_time\" content=\"2022-08-24T15:28:33+00:00\" \/>\n<meta name=\"twitter:card\" content=\"summary_large_image\" \/>\n<meta name=\"twitter:label1\" content=\"Tempo di lettura stimato\" \/>\n\t<meta name=\"twitter:data1\" content=\"3 minuti\" \/>\n<script type=\"application\/ld+json\" class=\"yoast-schema-graph\">{\"@context\":\"https:\/\/schema.org\",\"@graph\":[{\"@type\":\"WebPage\",\"@id\":\"https:\/\/www.aibi.it\/lasciti-testamentari\/fare-testamento\/la-suddivisione-del-patrimonio\/\",\"url\":\"https:\/\/www.aibi.it\/lasciti-testamentari\/fare-testamento\/la-suddivisione-del-patrimonio\/\",\"name\":\"Suddivisione patrimonio - Lasciti Testamentari\",\"isPartOf\":{\"@id\":\"https:\/\/www.aibi.it\/lasciti-testamentari\/#website\"},\"datePublished\":\"2009-05-18T10:47:52+00:00\",\"dateModified\":\"2022-08-24T15:28:33+00:00\",\"breadcrumb\":{\"@id\":\"https:\/\/www.aibi.it\/lasciti-testamentari\/fare-testamento\/la-suddivisione-del-patrimonio\/#breadcrumb\"},\"inLanguage\":\"it-IT\",\"potentialAction\":[{\"@type\":\"ReadAction\",\"target\":[\"https:\/\/www.aibi.it\/lasciti-testamentari\/fare-testamento\/la-suddivisione-del-patrimonio\/\"]}]},{\"@type\":\"BreadcrumbList\",\"@id\":\"https:\/\/www.aibi.it\/lasciti-testamentari\/fare-testamento\/la-suddivisione-del-patrimonio\/#breadcrumb\",\"itemListElement\":[{\"@type\":\"ListItem\",\"position\":1,\"name\":\"Home\",\"item\":\"https:\/\/www.aibi.it\/lasciti-testamentari\/\"},{\"@type\":\"ListItem\",\"position\":2,\"name\":\"Come fare testamento\",\"item\":\"https:\/\/www.aibi.it\/lasciti-testamentari\/fare-testamento\/\"},{\"@type\":\"ListItem\",\"position\":3,\"name\":\"Suddivisione patrimonio\"}]},{\"@type\":\"WebSite\",\"@id\":\"https:\/\/www.aibi.it\/lasciti-testamentari\/#website\",\"url\":\"https:\/\/www.aibi.it\/lasciti-testamentari\/\",\"name\":\"Lasciti Testamentari e Solidali\",\"description\":\"Fai un lascito Solidale ad Amici dei Bambini\",\"potentialAction\":[{\"@type\":\"SearchAction\",\"target\":{\"@type\":\"EntryPoint\",\"urlTemplate\":\"https:\/\/www.aibi.it\/lasciti-testamentari\/?s={search_term_string}\"},\"query-input\":\"required name=search_term_string\"}],\"inLanguage\":\"it-IT\"}]}<\/script>\n<!-- \/ Yoast SEO plugin. -->","yoast_head_json":{"title":"Suddivisione patrimonio - Lasciti Testamentari","robots":{"index":"index","follow":"follow","max-snippet":"max-snippet:-1","max-image-preview":"max-image-preview:large","max-video-preview":"max-video-preview:-1"},"canonical":"https:\/\/www.aibi.it\/lasciti-testamentari\/fare-testamento\/la-suddivisione-del-patrimonio\/","og_locale":"it_IT","og_type":"article","og_title":"Suddivisione patrimonio - Lasciti Testamentari","og_description":"[vc_row type=&#8221;in_container&#8221; full_screen_row_position=&#8221;middle&#8221; scene_position=&#8221;center&#8221; text_color=&#8221;dark&#8221; text_align=&#8221;left&#8221; overlay_strength=&#8221;0.3&#8243; shape_divider_position=&#8221;bottom&#8221;][vc_column boxed=&#8221;true&#8221; column_padding=&#8221;no-extra-padding&#8221; column_padding_position=&#8221;all&#8221; background_color_opacity=&#8221;1&#8243; background_hover_color_opacity=&#8221;1&#8243; column_shadow=&#8221;medium_depth&#8221; column_border_radius=&#8221;none&#8221; width=&#8221;1\/3&#8243; tablet_text_alignment=&#8221;default&#8221; phone_text_alignment=&#8221;default&#8221; column_border_width=&#8221;none&#8221; column_border_style=&#8221;solid&#8221;][vc_column_text] La ripartizione delle quote del testamento Un aspetto molto importante legato al testamento,\u00a0 riguarda il rapporto tra la quota di patrimonio che il testatore pu\u00f2 conferire liberamente in eredit\u00e0 e quella che deve necessariamente riservare, per legge, ad alcune categorie...","og_url":"https:\/\/www.aibi.it\/lasciti-testamentari\/fare-testamento\/la-suddivisione-del-patrimonio\/","og_site_name":"Lasciti Testamentari","article_modified_time":"2022-08-24T15:28:33+00:00","twitter_card":"summary_large_image","twitter_misc":{"Tempo di lettura stimato":"3 minuti"},"schema":{"@context":"https:\/\/schema.org","@graph":[{"@type":"WebPage","@id":"https:\/\/www.aibi.it\/lasciti-testamentari\/fare-testamento\/la-suddivisione-del-patrimonio\/","url":"https:\/\/www.aibi.it\/lasciti-testamentari\/fare-testamento\/la-suddivisione-del-patrimonio\/","name":"Suddivisione patrimonio - Lasciti Testamentari","isPartOf":{"@id":"https:\/\/www.aibi.it\/lasciti-testamentari\/#website"},"datePublished":"2009-05-18T10:47:52+00:00","dateModified":"2022-08-24T15:28:33+00:00","breadcrumb":{"@id":"https:\/\/www.aibi.it\/lasciti-testamentari\/fare-testamento\/la-suddivisione-del-patrimonio\/#breadcrumb"},"inLanguage":"it-IT","potentialAction":[{"@type":"ReadAction","target":["https:\/\/www.aibi.it\/lasciti-testamentari\/fare-testamento\/la-suddivisione-del-patrimonio\/"]}]},{"@type":"BreadcrumbList","@id":"https:\/\/www.aibi.it\/lasciti-testamentari\/fare-testamento\/la-suddivisione-del-patrimonio\/#breadcrumb","itemListElement":[{"@type":"ListItem","position":1,"name":"Home","item":"https:\/\/www.aibi.it\/lasciti-testamentari\/"},{"@type":"ListItem","position":2,"name":"Come fare testamento","item":"https:\/\/www.aibi.it\/lasciti-testamentari\/fare-testamento\/"},{"@type":"ListItem","position":3,"name":"Suddivisione patrimonio"}]},{"@type":"WebSite","@id":"https:\/\/www.aibi.it\/lasciti-testamentari\/#website","url":"https:\/\/www.aibi.it\/lasciti-testamentari\/","name":"Lasciti Testamentari e Solidali","description":"Fai un lascito Solidale ad Amici dei Bambini","potentialAction":[{"@type":"SearchAction","target":{"@type":"EntryPoint","urlTemplate":"https:\/\/www.aibi.it\/lasciti-testamentari\/?s={search_term_string}"},"query-input":"required name=search_term_string"}],"inLanguage":"it-IT"}]}},"_links":{"self":[{"href":"https:\/\/www.aibi.it\/lasciti-testamentari\/wp-json\/wp\/v2\/pages\/60"}],"collection":[{"href":"https:\/\/www.aibi.it\/lasciti-testamentari\/wp-json\/wp\/v2\/pages"}],"about":[{"href":"https:\/\/www.aibi.it\/lasciti-testamentari\/wp-json\/wp\/v2\/types\/page"}],"author":[{"embeddable":true,"href":"https:\/\/www.aibi.it\/lasciti-testamentari\/wp-json\/wp\/v2\/users\/3"}],"replies":[{"embeddable":true,"href":"https:\/\/www.aibi.it\/lasciti-testamentari\/wp-json\/wp\/v2\/comments?post=60"}],"version-history":[{"count":31,"href":"https:\/\/www.aibi.it\/lasciti-testamentari\/wp-json\/wp\/v2\/pages\/60\/revisions"}],"predecessor-version":[{"id":2197,"href":"https:\/\/www.aibi.it\/lasciti-testamentari\/wp-json\/wp\/v2\/pages\/60\/revisions\/2197"}],"up":[{"embeddable":true,"href":"https:\/\/www.aibi.it\/lasciti-testamentari\/wp-json\/wp\/v2\/pages\/29"}],"wp:attachment":[{"href":"https:\/\/www.aibi.it\/lasciti-testamentari\/wp-json\/wp\/v2\/media?parent=60"}],"curies":[{"name":"wp","href":"https:\/\/api.w.org\/{rel}","templated":true}]}}