{"id":76317,"date":"2024-10-16T15:34:29","date_gmt":"2024-10-16T15:34:29","guid":{"rendered":"https:\/\/www.aibi.it\/lp\/?page_id=76317"},"modified":"2025-12-12T12:07:43","modified_gmt":"2025-12-12T12:07:43","slug":"il-bello-che-fa-bene-2025","status":"publish","type":"page","link":"https:\/\/www.aibi.it\/lp\/il-bello-che-fa-bene-2025\/","title":{"rendered":"Il Bello Che Fa Bene 2025"},"content":{"rendered":"[vc_row type=&#8221;full_width_content&#8221; full_screen_row_position=&#8221;middle&#8221; bg_color=&#8221;#e7e4dd&#8221; scene_position=&#8221;center&#8221; text_color=&#8221;dark&#8221; text_align=&#8221;left&#8221; overlay_strength=&#8221;0.3&#8243; shape_divider_position=&#8221;bottom&#8221; shape_type=&#8221;&#8221;][vc_column column_padding=&#8221;no-extra-padding&#8221; column_padding_position=&#8221;all&#8221; background_color_opacity=&#8221;1&#8243; background_hover_color_opacity=&#8221;1&#8243; column_shadow=&#8221;none&#8221; column_border_radius=&#8221;none&#8221; width=&#8221;1\/1&#8243; tablet_text_alignment=&#8221;default&#8221; phone_text_alignment=&#8221;default&#8221; column_border_width=&#8221;none&#8221; column_border_style=&#8221;solid&#8221; offset=&#8221;vc_hidden-xs&#8221;]<div class=\"img-with-aniamtion-wrap center\" data-max-width=\"100%\" data-border-radius=\"none\"><div class=\"inner\"><img loading=\"lazy\" decoding=\"async\" data-shadow=\"none\" data-shadow-direction=\"middle\" class=\"img-with-animation \" data-delay=\"0\" height=\"600\" width=\"1400\" data-animation=\"fade-in\" src=\"https:\/\/www.aibi.it\/lp\/wp-content\/uploads\/bb-25-head.jpg\" srcset=\"https:\/\/www.aibi.it\/lp\/wp-content\/uploads\/bb-25-head.jpg 1400w, https:\/\/www.aibi.it\/lp\/wp-content\/uploads\/bb-25-head-300x129.jpg 300w, https:\/\/www.aibi.it\/lp\/wp-content\/uploads\/bb-25-head-1024x439.jpg 1024w, https:\/\/www.aibi.it\/lp\/wp-content\/uploads\/bb-25-head-768x329.jpg 768w, https:\/\/www.aibi.it\/lp\/wp-content\/uploads\/bb-25-head-1320x566.jpg 1320w\" sizes=\"auto, 100vw\" alt=\"\" \/><\/div><\/div>[\/vc_column][\/vc_row][vc_row type=&#8221;full_width_background&#8221; full_screen_row_position=&#8221;middle&#8221; equal_height=&#8221;yes&#8221; content_placement=&#8221;middle&#8221; bg_image=&#8221;76641&#8243; bg_position=&#8221;left top&#8221; bg_repeat=&#8221;no-repeat&#8221; scene_position=&#8221;center&#8221; text_color=&#8221;light&#8221; text_align=&#8221;left&#8221; overlay_strength=&#8221;0.3&#8243; shape_divider_position=&#8221;bottom&#8221; column_margin=&#8221;default&#8221; column_direction=&#8221;default&#8221; column_direction_tablet=&#8221;default&#8221; column_direction_phone=&#8221;default&#8221; background_image_loading=&#8221;default&#8221; row_border_radius=&#8221;none&#8221; row_border_radius_applies=&#8221;bg&#8221; bg_image_animation=&#8221;none&#8221; shape_type=&#8221;&#8221;][vc_column centered_text=&#8221;true&#8221; column_padding=&#8221;no-extra-padding&#8221; column_padding_position=&#8221;all&#8221; background_color_opacity=&#8221;1&#8243; background_hover_color_opacity=&#8221;1&#8243; column_shadow=&#8221;none&#8221; column_border_radius=&#8221;none&#8221; width=&#8221;1\/1&#8243; tablet_text_alignment=&#8221;default&#8221; phone_text_alignment=&#8221;default&#8221; column_border_width=&#8221;none&#8221; column_border_style=&#8221;solid&#8221; column_padding_tablet=&#8221;inherit&#8221; column_padding_phone=&#8221;inherit&#8221; column_element_spacing=&#8221;default&#8221; column_link_target=&#8221;_self&#8221; gradient_direction=&#8221;left_to_right&#8221; overlay_strength=&#8221;0.3&#8243; tablet_width_inherit=&#8221;default&#8221; bg_image_animation=&#8221;none&#8221; border_type=&#8221;simple&#8221; offset=&#8221;vc_hidden-lg vc_hidden-md vc_hidden-sm&#8221;]<div class=\"divider-wrap\"><div style=\"height: 850px;\" class=\"divider\"><\/div><\/div>[\/vc_column][\/vc_row][vc_row type=&#8221;in_container&#8221; full_screen_row_position=&#8221;middle&#8221; bg_color=&#8221;#f4f4f4&#8243; scene_position=&#8221;center&#8221; text_color=&#8221;dark&#8221; text_align=&#8221;left&#8221; disable_element=&#8221;yes&#8221; overlay_strength=&#8221;0.3&#8243; shape_divider_position=&#8221;bottom&#8221; shape_type=&#8221;&#8221;][vc_column column_padding=&#8221;no-extra-padding&#8221; column_padding_position=&#8221;all&#8221; background_color_opacity=&#8221;1&#8243; background_hover_color_opacity=&#8221;1&#8243; column_shadow=&#8221;none&#8221; column_border_radius=&#8221;none&#8221; top_margin=&#8221;1%&#8221; bottom_margin=&#8221;1%&#8221; width=&#8221;1\/1&#8243; tablet_text_alignment=&#8221;default&#8221; phone_text_alignment=&#8221;default&#8221; column_border_width=&#8221;none&#8221; column_border_style=&#8221;solid&#8221;][nectar_btn size=&#8221;jumbo&#8221; button_style=&#8221;regular&#8221; button_color_2=&#8221;Accent-Color&#8221; color_override=&#8221;#ee7d0c&#8221; icon_family=&#8221;fontawesome&#8221; url=&#8221;#formadesione&#8221; css_animation=&#8221;bounce&#8221; icon_fontawesome=&#8221;fa fa-chevron-circle-down&#8221; text=&#8221;Prenota&#8221;][\/vc_column][\/vc_row][vc_row type=&#8221;full_width_background&#8221; full_screen_row_position=&#8221;middle&#8221; bg_color=&#8221;#ffffff&#8221; scene_position=&#8221;center&#8221; text_color=&#8221;dark&#8221; text_align=&#8221;left&#8221; top_padding=&#8221;1%&#8221; bottom_padding=&#8221;1%&#8221; overlay_strength=&#8221;0.5&#8243; shape_divider_position=&#8221;bottom&#8221; shape_type=&#8221;&#8221;][vc_column centered_text=&#8221;true&#8221; column_padding=&#8221;no-extra-padding&#8221; column_padding_position=&#8221;all&#8221; background_color_opacity=&#8221;1&#8243; background_hover_color_opacity=&#8221;1&#8243; column_shadow=&#8221;none&#8221; column_border_radius=&#8221;none&#8221; width=&#8221;1\/1&#8243; tablet_text_alignment=&#8221;default&#8221; phone_text_alignment=&#8221;default&#8221; column_border_width=&#8221;none&#8221; column_border_style=&#8221;solid&#8221;][nectar_btn size=&#8221;jumbo&#8221; open_new_tab=&#8221;true&#8221; button_style=&#8221;regular&#8221; button_color_2=&#8221;Accent-Color&#8221; color_override=&#8221;#ee7d0c&#8221; icon_family=&#8221;fontawesome&#8221; url=&#8221;#more&#8221; text=&#8221;SCOPRI&#8221; css_animation=&#8221;bounce&#8221; icon_fontawesome=&#8221;fa fa-chevron-circle-down&#8221;][vc_column_text css_animation=&#8221;none&#8221; css=&#8221;.vc_custom_1762523373821{margin-top: 20px !important;margin-bottom: 20px !important;}&#8221;]\n<div class=\"wpb_text_column wpb_content_element vc_custom_1728921083236\">\n<div class=\"wpb_wrapper\">\n<p style=\"font-weight: 400; text-align: center;\">\u201c<strong>Il BELLO che fa BENE\u00ae<\/strong>\u201d<\/p>\n<p style=\"font-weight: 400; text-align: center;\">\u00e8 molto pi\u00f9 di una raccolta fondi: \u00e8 un movimento annuale che parte da un dono simbolico (prodotto o servizio) e si sviluppa in azioni, esperienze, testimonianze ed emozioni che prendono vita nel corso dell\u2019evento di Natale.<\/p>\n<p style=\"text-align: center;\">L\u2019edizione 2025 celebra il\u00a0<strong>valore della bellezza<\/strong>, in una serata in cui\u00a0<strong>la solidariet\u00e0 diventa uno strumento potente di cambiamento<\/strong>.<\/p>\n<p style=\"text-align: center;\"><em>Aderisci a \u201cIl Bello che fa Bene\u201d ed entra a far parte di una comunit\u00e0 che crede nel potere della bellezza di fare del bene.<\/em><\/p>\n<p style=\"text-align: center;\">Insieme possiamo trasformare un momento speciale in un gesto concreto, dove bellezza e bene si incontrano per creare valore per tutti e aiutare concretamente le bambine e i bambini abbandonati.<\/p>\n<\/div>\n<\/div>\n[\/vc_column_text][vc_column_text]\n<h3 style=\"text-align: center;\"><strong>Scopri come sostenere la causa e agire concretamente:<\/strong><\/h3>\n[\/vc_column_text][vc_row_inner column_margin=&#8221;default&#8221; top_padding=&#8221;20&#8243; text_align=&#8221;left&#8221; el_id=&#8221;more&#8221;][vc_column_inner column_padding=&#8221;padding-3-percent&#8221; column_padding_position=&#8221;all&#8221; centered_text=&#8221;true&#8221; background_color_opacity=&#8221;1&#8243; background_hover_color_opacity=&#8221;1&#8243; column_shadow=&#8221;none&#8221; column_border_radius=&#8221;none&#8221; width=&#8221;1\/3&#8243; column_border_width=&#8221;none&#8221; column_border_style=&#8221;solid&#8221;][nectar_icon icon_family=&#8221;iconsmind&#8221; icon_style=&#8221;default&#8221; icon_color=&#8221;Accent-Color&#8221; open_new_tab=&#8221;true&#8221; icon_padding=&#8221;0px&#8221; icon_iconsmind=&#8221;iconsmind-Shopping-Basket&#8221; url=&#8221;https:\/\/www.aibi.it\/lp\/charity-event-il-bello-che-fa-bene-2025\/&#8221;][vc_column_text css_animation=&#8221;fadeInUp&#8221; css=&#8221;.vc_custom_1765541154884{margin-bottom: 15px !important;}&#8221;]<strong>TEMPORARY SHOP<\/strong>[\/vc_column_text][vc_column_text]\n<p style=\"text-align: center;\"><strong>Online dal 12 dicembre 2025<\/strong><\/p>\n[\/vc_column_text][nectar_btn size=&#8221;large&#8221; open_new_tab=&#8221;true&#8221; button_style=&#8221;regular&#8221; button_color_2=&#8221;Accent-Color&#8221; color_override=&#8221;#ee7d0c&#8221; icon_family=&#8221;none&#8221; url=&#8221;https:\/\/www.aibi.it\/temporary-shop&#8221; text=&#8221;VAI ALLO SHOP&#8221; margin_top=&#8221;50&#8243;][\/vc_column_inner][vc_column_inner column_padding=&#8221;padding-3-percent&#8221; column_padding_position=&#8221;all&#8221; centered_text=&#8221;true&#8221; background_color_opacity=&#8221;1&#8243; background_hover_color_opacity=&#8221;1&#8243; column_shadow=&#8221;none&#8221; column_border_radius=&#8221;none&#8221; width=&#8221;1\/3&#8243; column_border_width=&#8221;none&#8221; column_border_style=&#8221;solid&#8221;][nectar_icon icon_family=&#8221;iconsmind&#8221; icon_style=&#8221;default&#8221; icon_color=&#8221;Accent-Color&#8221; open_new_tab=&#8221;true&#8221; icon_padding=&#8221;0px&#8221; icon_iconsmind=&#8221;iconsmind-Gift-Box&#8221; url=&#8221;https:\/\/www.aibi.it\/lp\/box-bb-25\/&#8221;][vc_column_text css_animation=&#8221;fadeInUp&#8221; css=&#8221;.vc_custom_1729605281208{margin-bottom: 15px !important;}&#8221;]<strong>LE BOX CHE FANNO BENE<\/strong>[\/vc_column_text][vc_column_text]\n<p style=\"text-align: center;\">Per un <strong>dono solidale!<\/strong><\/p>\n[\/vc_column_text][nectar_btn size=&#8221;large&#8221; open_new_tab=&#8221;true&#8221; button_style=&#8221;regular&#8221; button_color_2=&#8221;Accent-Color&#8221; color_override=&#8221;#ee7d0c&#8221; icon_family=&#8221;none&#8221; url=&#8221;https:\/\/www.aibi.it\/lp\/box-bb-25\/&#8221; text=&#8221;SCEGLI LA TUA BOX&#8221; margin_top=&#8221;50&#8243;][\/vc_column_inner][vc_column_inner column_padding=&#8221;padding-3-percent&#8221; column_padding_position=&#8221;all&#8221; centered_text=&#8221;true&#8221; background_color_opacity=&#8221;1&#8243; background_hover_color_opacity=&#8221;1&#8243; column_shadow=&#8221;none&#8221; column_border_radius=&#8221;none&#8221; width=&#8221;1\/3&#8243; column_border_width=&#8221;none&#8221; column_border_style=&#8221;solid&#8221;][nectar_icon icon_family=&#8221;iconsmind&#8221; icon_style=&#8221;default&#8221; icon_color=&#8221;Accent-Color&#8221; open_new_tab=&#8221;true&#8221; icon_padding=&#8221;0px&#8221; icon_iconsmind=&#8221;iconsmind-Heart2&#8243; url=&#8221;https:\/\/dona.aibi.it\/rf-bb-25\/?act=cplt&amp;origine=web-landing-bb&#8221;][vc_column_text css_animation=&#8221;fadeInUp&#8221; css=&#8221;.vc_custom_1730737218118{margin-bottom: 15px !important;}&#8221;]<strong>RACCOLTA FONDI<\/strong>[\/vc_column_text][vc_column_text]\n<p style=\"text-align: center;\">L&#8217;albero dei desideri<\/p>\n[\/vc_column_text][nectar_btn size=&#8221;large&#8221; open_new_tab=&#8221;true&#8221; button_style=&#8221;regular&#8221; button_color_2=&#8221;Accent-Color&#8221; color_override=&#8221;#ee7d0c&#8221; icon_family=&#8221;none&#8221; url=&#8221;https:\/\/dona.aibi.it\/rf-bb-25\/?act=cplt&amp;origine=web-landing-bb&#8221; text=&#8221;DONA ORA&#8221; margin_top=&#8221;50&#8243;][\/vc_column_inner][\/vc_row_inner][\/vc_column][\/vc_row][vc_row type=&#8221;in_container&#8221; full_screen_row_position=&#8221;middle&#8221; scene_position=&#8221;center&#8221; text_color=&#8221;dark&#8221; text_align=&#8221;left&#8221; overlay_strength=&#8221;0.3&#8243; shape_divider_position=&#8221;bottom&#8221;][vc_column column_padding=&#8221;no-extra-padding&#8221; column_padding_position=&#8221;all&#8221; background_color_opacity=&#8221;1&#8243; background_hover_color_opacity=&#8221;1&#8243; column_shadow=&#8221;none&#8221; column_border_radius=&#8221;none&#8221; width=&#8221;1\/1&#8243; tablet_text_alignment=&#8221;default&#8221; phone_text_alignment=&#8221;default&#8221; column_border_width=&#8221;none&#8221; column_border_style=&#8221;solid&#8221;][\/vc_column][\/vc_row]\n","protected":false},"excerpt":{"rendered":"<p>[vc_row type=&#8221;full_width_content&#8221; full_screen_row_position=&#8221;middle&#8221; bg_color=&#8221;#e7e4dd&#8221; scene_position=&#8221;center&#8221; text_color=&#8221;dark&#8221; text_align=&#8221;left&#8221; overlay_strength=&#8221;0.3&#8243; shape_divider_position=&#8221;bottom&#8221; shape_type=&#8221;&#8221;][vc_column column_padding=&#8221;no-extra-padding&#8221; column_padding_position=&#8221;all&#8221; background_color_opacity=&#8221;1&#8243; background_hover_color_opacity=&#8221;1&#8243; column_shadow=&#8221;none&#8221; column_border_radius=&#8221;none&#8221; width=&#8221;1\/1&#8243; tablet_text_alignment=&#8221;default&#8221; phone_text_alignment=&#8221;default&#8221; column_border_width=&#8221;none&#8221; column_border_style=&#8221;solid&#8221; offset=&#8221;vc_hidden-xs&#8221;][\/vc_column][\/vc_row][vc_row type=&#8221;full_width_background&#8221; full_screen_row_position=&#8221;middle&#8221; equal_height=&#8221;yes&#8221; content_placement=&#8221;middle&#8221; bg_image=&#8221;76641&#8243; bg_position=&#8221;left top&#8221; bg_repeat=&#8221;no-repeat&#8221;&#8230;<\/p>\n","protected":false},"author":2,"featured_media":76624,"parent":0,"menu_order":0,"comment_status":"closed","ping_status":"closed","template":"","meta":{"footnotes":""},"class_list":["post-76317","page","type-page","status-publish","has-post-thumbnail","hentry"],"yoast_head":"<!-- This site is optimized with the Yoast SEO plugin v26.3 - https:\/\/yoast.com\/wordpress\/plugins\/seo\/ -->\n<title>Il Bello Che Fa Bene 2025<\/title>\n<meta name=\"description\" content=\"Giorno dopo giorno, con le bambine e i bambini del mondo. Bellezza, relazione, condivisione\u2026\" \/>\n<meta name=\"robots\" content=\"index, follow, max-snippet:-1, max-image-preview:large, max-video-preview:-1\" \/>\n<link rel=\"canonical\" href=\"https:\/\/www.aibi.it\/lp\/il-bello-che-fa-bene-2025\/\" \/>\n<meta name=\"twitter:card\" content=\"summary_large_image\" \/>\n<meta name=\"twitter:title\" content=\"Il Bello Che Fa Bene 2025\" \/>\n<meta name=\"twitter:description\" content=\"Giorno dopo giorno, con le bambine e i bambini del mondo. Bellezza, relazione, condivisione\u2026\" \/>\n<meta name=\"twitter:image\" content=\"https:\/\/www.aibi.it\/lp\/wp-content\/uploads\/hero-25.jpg\" \/>\n<meta name=\"twitter:site\" content=\"@amicideibambini\" \/>\n<meta name=\"twitter:label1\" content=\"Tempo di lettura stimato\" \/>\n\t<meta name=\"twitter:data1\" content=\"3 minuti\" \/>\n<script type=\"application\/ld+json\" class=\"yoast-schema-graph\">{\"@context\":\"https:\/\/schema.org\",\"@graph\":[{\"@type\":\"WebPage\",\"@id\":\"https:\/\/www.aibi.it\/lp\/il-bello-che-fa-bene-2025\/\",\"url\":\"https:\/\/www.aibi.it\/lp\/il-bello-che-fa-bene-2025\/\",\"name\":\"Il Bello Che Fa Bene 2025\",\"isPartOf\":{\"@id\":\"https:\/\/www.aibi.it\/lp\/#website\"},\"primaryImageOfPage\":{\"@id\":\"https:\/\/www.aibi.it\/lp\/il-bello-che-fa-bene-2025\/#primaryimage\"},\"image\":{\"@id\":\"https:\/\/www.aibi.it\/lp\/il-bello-che-fa-bene-2025\/#primaryimage\"},\"thumbnailUrl\":\"https:\/\/www.aibi.it\/lp\/wp-content\/uploads\/hero-25.jpg\",\"datePublished\":\"2024-10-16T15:34:29+00:00\",\"dateModified\":\"2025-12-12T12:07:43+00:00\",\"description\":\"Giorno dopo giorno, con le bambine e i bambini del mondo. Bellezza, relazione, condivisione\u2026\",\"breadcrumb\":{\"@id\":\"https:\/\/www.aibi.it\/lp\/il-bello-che-fa-bene-2025\/#breadcrumb\"},\"inLanguage\":\"it-IT\",\"potentialAction\":[{\"@type\":\"ReadAction\",\"target\":[\"https:\/\/www.aibi.it\/lp\/il-bello-che-fa-bene-2025\/\"]}]},{\"@type\":\"ImageObject\",\"inLanguage\":\"it-IT\",\"@id\":\"https:\/\/www.aibi.it\/lp\/il-bello-che-fa-bene-2025\/#primaryimage\",\"url\":\"https:\/\/www.aibi.it\/lp\/wp-content\/uploads\/hero-25.jpg\",\"contentUrl\":\"https:\/\/www.aibi.it\/lp\/wp-content\/uploads\/hero-25.jpg\",\"width\":1906,\"height\":1737},{\"@type\":\"BreadcrumbList\",\"@id\":\"https:\/\/www.aibi.it\/lp\/il-bello-che-fa-bene-2025\/#breadcrumb\",\"itemListElement\":[{\"@type\":\"ListItem\",\"position\":1,\"name\":\"Home\",\"item\":\"https:\/\/www.aibi.it\/lp\/\"},{\"@type\":\"ListItem\",\"position\":2,\"name\":\"Il Bello Che Fa Bene 2025\"}]},{\"@type\":\"WebSite\",\"@id\":\"https:\/\/www.aibi.it\/lp\/#website\",\"url\":\"https:\/\/www.aibi.it\/lp\/\",\"name\":\"Ai.Bi.\",\"description\":\"Amici dei Bambini\",\"publisher\":{\"@id\":\"https:\/\/www.aibi.it\/lp\/#organization\"},\"potentialAction\":[{\"@type\":\"SearchAction\",\"target\":{\"@type\":\"EntryPoint\",\"urlTemplate\":\"https:\/\/www.aibi.it\/lp\/?s={search_term_string}\"},\"query-input\":{\"@type\":\"PropertyValueSpecification\",\"valueRequired\":true,\"valueName\":\"search_term_string\"}}],\"inLanguage\":\"it-IT\"},{\"@type\":\"Organization\",\"@id\":\"https:\/\/www.aibi.it\/lp\/#organization\",\"name\":\"Ai.Bi. Associazione Amici dei Bambini\",\"url\":\"https:\/\/www.aibi.it\/lp\/\",\"logo\":{\"@type\":\"ImageObject\",\"inLanguage\":\"it-IT\",\"@id\":\"https:\/\/www.aibi.it\/lp\/#\/schema\/logo\/image\/\",\"url\":\"https:\/\/www.aibi.it\/lp\/wp-content\/uploads\/2016\/08\/LOGO-AIBI-GRIGIO-E-ARANCIO.png\",\"contentUrl\":\"https:\/\/www.aibi.it\/lp\/wp-content\/uploads\/2016\/08\/LOGO-AIBI-GRIGIO-E-ARANCIO.png\",\"width\":1797,\"height\":766,\"caption\":\"Ai.Bi. Associazione Amici dei Bambini\"},\"image\":{\"@id\":\"https:\/\/www.aibi.it\/lp\/#\/schema\/logo\/image\/\"},\"sameAs\":[\"https:\/\/www.facebook.com\/Amicideibambini\/\",\"https:\/\/x.com\/amicideibambini\",\"http:\/\/amicideibambini\",\"https:\/\/www.linkedin.com\/company-beta\/430194\/\",\"https:\/\/www.youtube.com\/user\/AmicideiBambini\"]}]}<\/script>\n<!-- \/ Yoast SEO plugin. -->","yoast_head_json":{"title":"Il Bello Che Fa Bene 2025","description":"Giorno dopo giorno, con le bambine e i bambini del mondo. Bellezza, relazione, condivisione\u2026","robots":{"index":"index","follow":"follow","max-snippet":"max-snippet:-1","max-image-preview":"max-image-preview:large","max-video-preview":"max-video-preview:-1"},"canonical":"https:\/\/www.aibi.it\/lp\/il-bello-che-fa-bene-2025\/","twitter_card":"summary_large_image","twitter_title":"Il Bello Che Fa Bene 2025","twitter_description":"Giorno dopo giorno, con le bambine e i bambini del mondo. Bellezza, relazione, condivisione\u2026","twitter_image":"https:\/\/www.aibi.it\/lp\/wp-content\/uploads\/hero-25.jpg","twitter_site":"@amicideibambini","twitter_misc":{"Tempo di lettura stimato":"3 minuti"},"schema":{"@context":"https:\/\/schema.org","@graph":[{"@type":"WebPage","@id":"https:\/\/www.aibi.it\/lp\/il-bello-che-fa-bene-2025\/","url":"https:\/\/www.aibi.it\/lp\/il-bello-che-fa-bene-2025\/","name":"Il Bello Che Fa Bene 2025","isPartOf":{"@id":"https:\/\/www.aibi.it\/lp\/#website"},"primaryImageOfPage":{"@id":"https:\/\/www.aibi.it\/lp\/il-bello-che-fa-bene-2025\/#primaryimage"},"image":{"@id":"https:\/\/www.aibi.it\/lp\/il-bello-che-fa-bene-2025\/#primaryimage"},"thumbnailUrl":"https:\/\/www.aibi.it\/lp\/wp-content\/uploads\/hero-25.jpg","datePublished":"2024-10-16T15:34:29+00:00","dateModified":"2025-12-12T12:07:43+00:00","description":"Giorno dopo giorno, con le bambine e i bambini del mondo. Bellezza, relazione, condivisione\u2026","breadcrumb":{"@id":"https:\/\/www.aibi.it\/lp\/il-bello-che-fa-bene-2025\/#breadcrumb"},"inLanguage":"it-IT","potentialAction":[{"@type":"ReadAction","target":["https:\/\/www.aibi.it\/lp\/il-bello-che-fa-bene-2025\/"]}]},{"@type":"ImageObject","inLanguage":"it-IT","@id":"https:\/\/www.aibi.it\/lp\/il-bello-che-fa-bene-2025\/#primaryimage","url":"https:\/\/www.aibi.it\/lp\/wp-content\/uploads\/hero-25.jpg","contentUrl":"https:\/\/www.aibi.it\/lp\/wp-content\/uploads\/hero-25.jpg","width":1906,"height":1737},{"@type":"BreadcrumbList","@id":"https:\/\/www.aibi.it\/lp\/il-bello-che-fa-bene-2025\/#breadcrumb","itemListElement":[{"@type":"ListItem","position":1,"name":"Home","item":"https:\/\/www.aibi.it\/lp\/"},{"@type":"ListItem","position":2,"name":"Il Bello Che Fa Bene 2025"}]},{"@type":"WebSite","@id":"https:\/\/www.aibi.it\/lp\/#website","url":"https:\/\/www.aibi.it\/lp\/","name":"Ai.Bi.","description":"Amici dei Bambini","publisher":{"@id":"https:\/\/www.aibi.it\/lp\/#organization"},"potentialAction":[{"@type":"SearchAction","target":{"@type":"EntryPoint","urlTemplate":"https:\/\/www.aibi.it\/lp\/?s={search_term_string}"},"query-input":{"@type":"PropertyValueSpecification","valueRequired":true,"valueName":"search_term_string"}}],"inLanguage":"it-IT"},{"@type":"Organization","@id":"https:\/\/www.aibi.it\/lp\/#organization","name":"Ai.Bi. Associazione Amici dei Bambini","url":"https:\/\/www.aibi.it\/lp\/","logo":{"@type":"ImageObject","inLanguage":"it-IT","@id":"https:\/\/www.aibi.it\/lp\/#\/schema\/logo\/image\/","url":"https:\/\/www.aibi.it\/lp\/wp-content\/uploads\/2016\/08\/LOGO-AIBI-GRIGIO-E-ARANCIO.png","contentUrl":"https:\/\/www.aibi.it\/lp\/wp-content\/uploads\/2016\/08\/LOGO-AIBI-GRIGIO-E-ARANCIO.png","width":1797,"height":766,"caption":"Ai.Bi. Associazione Amici dei Bambini"},"image":{"@id":"https:\/\/www.aibi.it\/lp\/#\/schema\/logo\/image\/"},"sameAs":["https:\/\/www.facebook.com\/Amicideibambini\/","https:\/\/x.com\/amicideibambini","http:\/\/amicideibambini","https:\/\/www.linkedin.com\/company-beta\/430194\/","https:\/\/www.youtube.com\/user\/AmicideiBambini"]}]}},"_links":{"self":[{"href":"https:\/\/www.aibi.it\/lp\/wp-json\/wp\/v2\/pages\/76317","targetHints":{"allow":["GET"]}}],"collection":[{"href":"https:\/\/www.aibi.it\/lp\/wp-json\/wp\/v2\/pages"}],"about":[{"href":"https:\/\/www.aibi.it\/lp\/wp-json\/wp\/v2\/types\/page"}],"author":[{"embeddable":true,"href":"https:\/\/www.aibi.it\/lp\/wp-json\/wp\/v2\/users\/2"}],"replies":[{"embeddable":true,"href":"https:\/\/www.aibi.it\/lp\/wp-json\/wp\/v2\/comments?post=76317"}],"version-history":[{"count":142,"href":"https:\/\/www.aibi.it\/lp\/wp-json\/wp\/v2\/pages\/76317\/revisions"}],"predecessor-version":[{"id":76705,"href":"https:\/\/www.aibi.it\/lp\/wp-json\/wp\/v2\/pages\/76317\/revisions\/76705"}],"wp:featuredmedia":[{"embeddable":true,"href":"https:\/\/www.aibi.it\/lp\/wp-json\/wp\/v2\/media\/76624"}],"wp:attachment":[{"href":"https:\/\/www.aibi.it\/lp\/wp-json\/wp\/v2\/media?parent=76317"}],"curies":[{"name":"wp","href":"https:\/\/api.w.org\/{rel}","templated":true}]}}